
{"id":27344,"date":"2025-07-09T11:05:01","date_gmt":"2025-07-09T09:05:01","guid":{"rendered":"https:\/\/connect.ibsa-pharma.fr\/ialuril\/?page_id=27344"},"modified":"2025-08-27T16:33:02","modified_gmt":"2025-08-27T14:33:02","slug":"welcome","status":"publish","type":"page","link":"https:\/\/connect.ibsa-pharma.fr\/ialuril\/welcome\/","title":{"rendered":"Welcome Ialuril"},"content":{"rendered":"\t\t<div data-elementor-type=\"wp-page\" data-elementor-id=\"27344\" class=\"elementor elementor-27344\" data-elementor-post-type=\"page\">\n\t\t\t\t\t\t<section class=\"elementor-section elementor-top-section elementor-element elementor-element-6717374 elementor-section-height-min-height elementor-section-full_width elementor-section-items-stretch elementor-section-height-default\" data-id=\"6717374\" data-element_type=\"section\" data-e-type=\"section\" data-settings=\"{&quot;background_background&quot;:&quot;classic&quot;}\">\n\t\t\t\t\t\t<div class=\"elementor-container elementor-column-gap-default\">\n\t\t\t\t\t<div class=\"elementor-column elementor-col-50 elementor-top-column elementor-element elementor-element-b895ee4\" data-id=\"b895ee4\" data-element_type=\"column\" data-e-type=\"column\" data-settings=\"{&quot;background_background&quot;:&quot;classic&quot;}\">\n\t\t\t<div class=\"elementor-widget-wrap elementor-element-populated\">\n\t\t\t\t\t\t<div class=\"elementor-element elementor-element-46015f3 elementor-widget__width-initial elementor-widget elementor-widget-heading\" data-id=\"46015f3\" data-element_type=\"widget\" data-e-type=\"widget\" data-widget_type=\"heading.default\">\n\t\t\t\t<div class=\"elementor-widget-container\">\n\t\t\t\t\t<h1 class=\"elementor-heading-title elementor-size-default\">Bienvenue sur ialuril<sup>\u00ae<\/sup> Prefill,<br>\nla plateforme multi-services d\u00e9di\u00e9e aux professionnels de sant\u00e9<\/h1>\t\t\t\t<\/div>\n\t\t\t\t<\/div>\n\t\t\t\t<div class=\"elementor-element elementor-element-9d1cd6c elementor-widget elementor-widget-text-editor\" data-id=\"9d1cd6c\" data-element_type=\"widget\" data-e-type=\"widget\" data-widget_type=\"text-editor.default\">\n\t\t\t\t<div class=\"elementor-widget-container\">\n\t\t\t\t\t\t\t\t\t<p>Acc\u00e9dez \u00e0 l\u2019ensemble de notre documentation et aux multiples services \u00e0 votre disposition pour vous accompagner dans votre pratique quotidienne.<\/p>\t\t\t\t\t\t\t\t<\/div>\n\t\t\t\t<\/div>\n\t\t\t\t<div class=\"elementor-element elementor-element-b27f18d elementor-align-left elementor-widget elementor-widget-button\" data-id=\"b27f18d\" data-element_type=\"widget\" data-e-type=\"widget\" data-widget_type=\"button.default\">\n\t\t\t\t<div class=\"elementor-widget-container\">\n\t\t\t\t\t\t\t\t\t<div class=\"elementor-button-wrapper\">\n\t\t\t\t\t<a class=\"elementor-button elementor-button-link elementor-size-sm\" href=\"\/hca\/login\/\">\n\t\t\t\t\t\t<span class=\"elementor-button-content-wrapper\">\n\t\t\t\t\t\t<span class=\"elementor-button-icon\">\n\t\t\t\t<i aria-hidden=\"true\" class=\"fas fa-arrow-right\"><\/i>\t\t\t<\/span>\n\t\t\t\t\t\t\t\t\t<span class=\"elementor-button-text\">Continuer avec OneKey\u2122 Connect<\/span>\n\t\t\t\t\t<\/span>\n\t\t\t\t\t<\/a>\n\t\t\t\t<\/div>\n\t\t\t\t\t\t\t\t<\/div>\n\t\t\t\t<\/div>\n\t\t\t\t<div class=\"elementor-element elementor-element-41907cd elementor-widget elementor-widget-text-editor\" data-id=\"41907cd\" data-element_type=\"widget\" data-e-type=\"widget\" data-widget_type=\"text-editor.default\">\n\t\t\t\t<div class=\"elementor-widget-container\">\n\t\t\t\t\t\t\t\t\t<p>Vous n&rsquo;avez pas encore de compte ?<br \/><a href=\"https:\/\/connect.ibsa-pharma.fr\/signup\/\"><span style=\"text-decoration: underline;\"><strong>Cr\u00e9er un compte<\/strong><\/span><\/a><\/p>\t\t\t\t\t\t\t\t<\/div>\n\t\t\t\t<\/div>\n\t\t\t\t<div class=\"elementor-element elementor-element-3e4d319 elementor-widget elementor-widget-spacer\" data-id=\"3e4d319\" data-element_type=\"widget\" data-e-type=\"widget\" data-widget_type=\"spacer.default\">\n\t\t\t\t<div class=\"elementor-widget-container\">\n\t\t\t\t\t\t\t<div class=\"elementor-spacer\">\n\t\t\t<div class=\"elementor-spacer-inner\"><\/div>\n\t\t<\/div>\n\t\t\t\t\t\t<\/div>\n\t\t\t\t<\/div>\n\t\t\t\t<div class=\"elementor-element elementor-element-135111f elementor-widget elementor-widget-text-editor\" data-id=\"135111f\" data-element_type=\"widget\" data-e-type=\"widget\" data-widget_type=\"text-editor.default\">\n\t\t\t\t<div class=\"elementor-widget-container\">\n\t\t\t\t\t\t\t\t\t<p><strong>Simplifiez votre pratique<\/strong><br \/>T\u00e9l\u00e9chargez vos documents ialuril<sup>\u00ae<\/sup>\u00a0Prefill gratuitement et d\u00e9couvrez l\u2019instillation intrav\u00e9sicale sans cath\u00e9ter gr\u00e2ce \u00e0 nos vid\u00e9os de bon usage.<\/p><p><b>Restez inform\u00e9<br \/><\/b>Revivez les webinars en Urologie men\u00e9s par Pr. Franck Bruy\u00e8re, Pr. Aur\u00e9lien Dinh, Pr. Christian Saussine, et Dr. Am\u00e9lie Levesque<\/p>\t\t\t\t\t\t\t\t<\/div>\n\t\t\t\t<\/div>\n\t\t\t\t\t<\/div>\n\t\t<\/div>\n\t\t\t\t<div class=\"elementor-column elementor-col-50 elementor-top-column elementor-element elementor-element-57eaf45\" data-id=\"57eaf45\" data-element_type=\"column\" data-e-type=\"column\" data-settings=\"{&quot;background_background&quot;:&quot;classic&quot;}\">\n\t\t\t<div class=\"elementor-widget-wrap elementor-element-populated\">\n\t\t\t\t\t\t<div class=\"elementor-element elementor-element-4d2d464 elementor-widget elementor-widget-spacer\" data-id=\"4d2d464\" data-element_type=\"widget\" data-e-type=\"widget\" data-widget_type=\"spacer.default\">\n\t\t\t\t<div class=\"elementor-widget-container\">\n\t\t\t\t\t\t\t<div class=\"elementor-spacer\">\n\t\t\t<div class=\"elementor-spacer-inner\"><\/div>\n\t\t<\/div>\n\t\t\t\t\t\t<\/div>\n\t\t\t\t<\/div>\n\t\t\t\t\t<\/div>\n\t\t<\/div>\n\t\t\t\t\t<\/div>\n\t\t<\/section>\n\t\t\t\t<\/div>\n\t\t","protected":false},"excerpt":{"rendered":"<p>Bienvenue sur ialuril\u00ae Prefill, la plateforme multi-services d\u00e9di\u00e9e aux professionnels de sant\u00e9 Acc\u00e9dez \u00e0 l\u2019ensemble de notre documentation et aux multiples services \u00e0 votre disposition pour vous accompagner dans votre pratique quotidienne. Continuer avec OneKey\u2122 Connect Vous n&rsquo;avez pas encore de compte ?Cr\u00e9er un compte Simplifiez votre pratiqueT\u00e9l\u00e9chargez vos documents ialuril\u00ae\u00a0Prefill gratuitement et d\u00e9couvrez l\u2019instillation [&hellip;]<\/p>\n","protected":false},"author":7114,"featured_media":0,"parent":0,"menu_order":0,"comment_status":"closed","ping_status":"closed","template":"","meta":{"_acf_changed":false,"site-sidebar-layout":"no-sidebar","site-content-layout":"page-builder","ast-site-content-layout":"full-width-container","site-content-style":"default","site-sidebar-style":"default","ast-global-header-display":"","ast-banner-title-visibility":"","ast-main-header-display":"","ast-hfb-above-header-display":"","ast-hfb-below-header-display":"","ast-hfb-mobile-header-display":"","site-post-title":"disabled","ast-breadcrumbs-content":"","ast-featured-img":"disabled","footer-sml-layout":"","ast-disable-related-posts":"","theme-transparent-header-meta":"","adv-header-id-meta":"","stick-header-meta":"","header-above-stick-meta":"","header-main-stick-meta":"","header-below-stick-meta":"","astra-migrate-meta-layouts":"default","ast-page-background-enabled":"default","ast-page-background-meta":{"desktop":{"background-color":"","background-image":"","background-repeat":"repeat","background-position":"center center","background-size":"auto","background-attachment":"scroll","background-type":"","background-media":"","overlay-type":"","overlay-color":"","overlay-opacity":"","overlay-gradient":""},"tablet":{"background-color":"","background-image":"","background-repeat":"repeat","background-position":"center center","background-size":"auto","background-attachment":"scroll","background-type":"","background-media":"","overlay-type":"","overlay-color":"","overlay-opacity":"","overlay-gradient":""},"mobile":{"background-color":"","background-image":"","background-repeat":"repeat","background-position":"center center","background-size":"auto","background-attachment":"scroll","background-type":"","background-media":"","overlay-type":"","overlay-color":"","overlay-opacity":"","overlay-gradient":""}},"ast-content-background-meta":{"desktop":{"background-color":"var(--ast-global-color-5)","background-image":"","background-repeat":"repeat","background-position":"center center","background-size":"auto","background-attachment":"scroll","background-type":"","background-media":"","overlay-type":"","overlay-color":"","overlay-opacity":"","overlay-gradient":""},"tablet":{"background-color":"var(--ast-global-color-5)","background-image":"","background-repeat":"repeat","background-position":"center center","background-size":"auto","background-attachment":"scroll","background-type":"","background-media":"","overlay-type":"","overlay-color":"","overlay-opacity":"","overlay-gradient":""},"mobile":{"background-color":"var(--ast-global-color-5)","background-image":"","background-repeat":"repeat","background-position":"center center","background-size":"auto","background-attachment":"scroll","background-type":"","background-media":"","overlay-type":"","overlay-color":"","overlay-opacity":"","overlay-gradient":""}},"footnotes":""},"class_list":["post-27344","page","type-page","status-publish","hentry"],"acf":[],"yoast_head":"<!-- This site is optimized with the Yoast SEO plugin v27.2 - https:\/\/yoast.com\/product\/yoast-seo-wordpress\/ -->\n<title>Welcome Ialuril - ialurilpro<\/title>\n<meta name=\"robots\" content=\"index, follow, max-snippet:-1, max-image-preview:large, max-video-preview:-1\" \/>\n<link rel=\"canonical\" href=\"https:\/\/connect.ibsa-pharma.fr\/ialuril\/welcome\/\" \/>\n<meta property=\"og:locale\" content=\"fr_FR\" \/>\n<meta property=\"og:type\" content=\"article\" \/>\n<meta property=\"og:title\" content=\"Welcome Ialuril - ialurilpro\" \/>\n<meta property=\"og:description\" content=\"Bienvenue sur ialuril\u00ae Prefill, la plateforme multi-services d\u00e9di\u00e9e aux professionnels de sant\u00e9 Acc\u00e9dez \u00e0 l\u2019ensemble de notre documentation et aux multiples services \u00e0 votre disposition pour vous accompagner dans votre pratique quotidienne. Continuer avec OneKey\u2122 Connect Vous n&rsquo;avez pas encore de compte ?Cr\u00e9er un compte Simplifiez votre pratiqueT\u00e9l\u00e9chargez vos documents ialuril\u00ae\u00a0Prefill gratuitement et d\u00e9couvrez l\u2019instillation [&hellip;]\" \/>\n<meta property=\"og:url\" content=\"https:\/\/connect.ibsa-pharma.fr\/ialuril\/welcome\/\" \/>\n<meta property=\"og:site_name\" content=\"ialurilpro\" \/>\n<meta property=\"article:modified_time\" content=\"2025-08-27T14:33:02+00:00\" \/>\n<meta name=\"twitter:card\" content=\"summary_large_image\" \/>\n<meta name=\"twitter:label1\" content=\"Dur\u00e9e de lecture estim\u00e9e\" \/>\n\t<meta name=\"twitter:data1\" content=\"1 minute\" \/>\n<script type=\"application\/ld+json\" class=\"yoast-schema-graph\">{\"@context\":\"https:\/\/schema.org\",\"@graph\":[{\"@type\":\"WebPage\",\"@id\":\"https:\/\/connect.ibsa-pharma.fr\/ialuril\/welcome\/\",\"url\":\"https:\/\/connect.ibsa-pharma.fr\/ialuril\/welcome\/\",\"name\":\"Welcome Ialuril - ialurilpro\",\"isPartOf\":{\"@id\":\"https:\/\/connect.ibsa-pharma.fr\/ialuril\/#website\"},\"datePublished\":\"2025-07-09T09:05:01+00:00\",\"dateModified\":\"2025-08-27T14:33:02+00:00\",\"inLanguage\":\"fr-FR\",\"potentialAction\":[{\"@type\":\"ReadAction\",\"target\":[\"https:\/\/connect.ibsa-pharma.fr\/ialuril\/welcome\/\"]}]},{\"@type\":\"WebSite\",\"@id\":\"https:\/\/connect.ibsa-pharma.fr\/ialuril\/#website\",\"url\":\"https:\/\/connect.ibsa-pharma.fr\/ialuril\/\",\"name\":\"ialurilpro\",\"description\":\"Pour pr\u00e9venir de certaines inflammations chroniques de la vessie\",\"publisher\":{\"@id\":\"https:\/\/connect.ibsa-pharma.fr\/ialuril\/#organization\"},\"potentialAction\":[{\"@type\":\"SearchAction\",\"target\":{\"@type\":\"EntryPoint\",\"urlTemplate\":\"https:\/\/connect.ibsa-pharma.fr\/ialuril\/?s={search_term_string}\"},\"query-input\":{\"@type\":\"PropertyValueSpecification\",\"valueRequired\":true,\"valueName\":\"search_term_string\"}}],\"inLanguage\":\"fr-FR\"},{\"@type\":\"Organization\",\"@id\":\"https:\/\/connect.ibsa-pharma.fr\/ialuril\/#organization\",\"name\":\"ialurilpro\",\"url\":\"https:\/\/connect.ibsa-pharma.fr\/ialuril\/\",\"logo\":{\"@type\":\"ImageObject\",\"inLanguage\":\"fr-FR\",\"@id\":\"https:\/\/connect.ibsa-pharma.fr\/ialuril\/#\/schema\/logo\/image\/\",\"url\":\"https:\/\/connect.ibsa-pharma.fr\/ialuril\/wp-content\/uploads\/sites\/24\/2022\/07\/logo-ialuril-pro.png\",\"contentUrl\":\"https:\/\/connect.ibsa-pharma.fr\/ialuril\/wp-content\/uploads\/sites\/24\/2022\/07\/logo-ialuril-pro.png\",\"width\":340,\"height\":65,\"caption\":\"ialurilpro\"},\"image\":{\"@id\":\"https:\/\/connect.ibsa-pharma.fr\/ialuril\/#\/schema\/logo\/image\/\"}}]}<\/script>\n<!-- \/ Yoast SEO plugin. -->","yoast_head_json":{"title":"Welcome Ialuril - ialurilpro","robots":{"index":"index","follow":"follow","max-snippet":"max-snippet:-1","max-image-preview":"max-image-preview:large","max-video-preview":"max-video-preview:-1"},"canonical":"https:\/\/connect.ibsa-pharma.fr\/ialuril\/welcome\/","og_locale":"fr_FR","og_type":"article","og_title":"Welcome Ialuril - ialurilpro","og_description":"Bienvenue sur ialuril\u00ae Prefill, la plateforme multi-services d\u00e9di\u00e9e aux professionnels de sant\u00e9 Acc\u00e9dez \u00e0 l\u2019ensemble de notre documentation et aux multiples services \u00e0 votre disposition pour vous accompagner dans votre pratique quotidienne. Continuer avec OneKey\u2122 Connect Vous n&rsquo;avez pas encore de compte ?Cr\u00e9er un compte Simplifiez votre pratiqueT\u00e9l\u00e9chargez vos documents ialuril\u00ae\u00a0Prefill gratuitement et d\u00e9couvrez l\u2019instillation [&hellip;]","og_url":"https:\/\/connect.ibsa-pharma.fr\/ialuril\/welcome\/","og_site_name":"ialurilpro","article_modified_time":"2025-08-27T14:33:02+00:00","twitter_card":"summary_large_image","twitter_misc":{"Dur\u00e9e de lecture estim\u00e9e":"1 minute"},"schema":{"@context":"https:\/\/schema.org","@graph":[{"@type":"WebPage","@id":"https:\/\/connect.ibsa-pharma.fr\/ialuril\/welcome\/","url":"https:\/\/connect.ibsa-pharma.fr\/ialuril\/welcome\/","name":"Welcome Ialuril - ialurilpro","isPartOf":{"@id":"https:\/\/connect.ibsa-pharma.fr\/ialuril\/#website"},"datePublished":"2025-07-09T09:05:01+00:00","dateModified":"2025-08-27T14:33:02+00:00","inLanguage":"fr-FR","potentialAction":[{"@type":"ReadAction","target":["https:\/\/connect.ibsa-pharma.fr\/ialuril\/welcome\/"]}]},{"@type":"WebSite","@id":"https:\/\/connect.ibsa-pharma.fr\/ialuril\/#website","url":"https:\/\/connect.ibsa-pharma.fr\/ialuril\/","name":"ialurilpro","description":"Pour pr\u00e9venir de certaines inflammations chroniques de la vessie","publisher":{"@id":"https:\/\/connect.ibsa-pharma.fr\/ialuril\/#organization"},"potentialAction":[{"@type":"SearchAction","target":{"@type":"EntryPoint","urlTemplate":"https:\/\/connect.ibsa-pharma.fr\/ialuril\/?s={search_term_string}"},"query-input":{"@type":"PropertyValueSpecification","valueRequired":true,"valueName":"search_term_string"}}],"inLanguage":"fr-FR"},{"@type":"Organization","@id":"https:\/\/connect.ibsa-pharma.fr\/ialuril\/#organization","name":"ialurilpro","url":"https:\/\/connect.ibsa-pharma.fr\/ialuril\/","logo":{"@type":"ImageObject","inLanguage":"fr-FR","@id":"https:\/\/connect.ibsa-pharma.fr\/ialuril\/#\/schema\/logo\/image\/","url":"https:\/\/connect.ibsa-pharma.fr\/ialuril\/wp-content\/uploads\/sites\/24\/2022\/07\/logo-ialuril-pro.png","contentUrl":"https:\/\/connect.ibsa-pharma.fr\/ialuril\/wp-content\/uploads\/sites\/24\/2022\/07\/logo-ialuril-pro.png","width":340,"height":65,"caption":"ialurilpro"},"image":{"@id":"https:\/\/connect.ibsa-pharma.fr\/ialuril\/#\/schema\/logo\/image\/"}}]}},"_links":{"self":[{"href":"https:\/\/connect.ibsa-pharma.fr\/ialuril\/wp-json\/wp\/v2\/pages\/27344","targetHints":{"allow":["GET"]}}],"collection":[{"href":"https:\/\/connect.ibsa-pharma.fr\/ialuril\/wp-json\/wp\/v2\/pages"}],"about":[{"href":"https:\/\/connect.ibsa-pharma.fr\/ialuril\/wp-json\/wp\/v2\/types\/page"}],"author":[{"embeddable":true,"href":"https:\/\/connect.ibsa-pharma.fr\/ialuril\/wp-json\/wp\/v2\/users\/7114"}],"replies":[{"embeddable":true,"href":"https:\/\/connect.ibsa-pharma.fr\/ialuril\/wp-json\/wp\/v2\/comments?post=27344"}],"version-history":[{"count":19,"href":"https:\/\/connect.ibsa-pharma.fr\/ialuril\/wp-json\/wp\/v2\/pages\/27344\/revisions"}],"predecessor-version":[{"id":27376,"href":"https:\/\/connect.ibsa-pharma.fr\/ialuril\/wp-json\/wp\/v2\/pages\/27344\/revisions\/27376"}],"wp:attachment":[{"href":"https:\/\/connect.ibsa-pharma.fr\/ialuril\/wp-json\/wp\/v2\/media?parent=27344"}],"curies":[{"name":"wp","href":"https:\/\/api.w.org\/{rel}","templated":true}]}}