
{"id":17367,"date":"2025-07-09T10:57:53","date_gmt":"2025-07-09T08:57:53","guid":{"rendered":"https:\/\/connect.ibsa-pharma.fr\/ialuset\/?page_id=17367"},"modified":"2025-07-09T11:22:43","modified_gmt":"2025-07-09T09:22:43","slug":"welcome","status":"publish","type":"page","link":"https:\/\/connect.ibsa-pharma.fr\/ialuset\/welcome\/","title":{"rendered":"Welcome ialuset"},"content":{"rendered":"\t\t<div data-elementor-type=\"wp-page\" data-elementor-id=\"17367\" class=\"elementor elementor-17367\" data-elementor-post-type=\"page\">\n\t\t\t\t\t\t<section class=\"elementor-section elementor-top-section elementor-element elementor-element-beed7d9 elementor-section-height-min-height elementor-section-full_width elementor-section-items-stretch elementor-section-height-default\" data-id=\"beed7d9\" data-element_type=\"section\" data-e-type=\"section\" data-settings=\"{&quot;background_background&quot;:&quot;classic&quot;}\">\n\t\t\t\t\t\t<div class=\"elementor-container elementor-column-gap-default\">\n\t\t\t\t\t<div class=\"elementor-column elementor-col-50 elementor-top-column elementor-element elementor-element-36dd0fe\" data-id=\"36dd0fe\" data-element_type=\"column\" data-e-type=\"column\" data-settings=\"{&quot;background_background&quot;:&quot;classic&quot;}\">\n\t\t\t<div class=\"elementor-widget-wrap elementor-element-populated\">\n\t\t\t\t\t\t<div class=\"elementor-element elementor-element-f56650f elementor-widget__width-initial elementor-widget elementor-widget-heading\" data-id=\"f56650f\" data-element_type=\"widget\" data-e-type=\"widget\" data-widget_type=\"heading.default\">\n\t\t\t\t<div class=\"elementor-widget-container\">\n\t\t\t\t\t<h1 class=\"elementor-heading-title elementor-size-default\">Bienvenue sur ialuset.fr, <br \/>la plateforme multi-services de ialuset<sup>\u00ae<\/sup> d\u00e9di\u00e9e aux professionnels de sant\u00e9.<\/h1>\t\t\t\t<\/div>\n\t\t\t\t<\/div>\n\t\t\t\t<div class=\"elementor-element elementor-element-993750b elementor-widget elementor-widget-text-editor\" data-id=\"993750b\" data-element_type=\"widget\" data-e-type=\"widget\" data-widget_type=\"text-editor.default\">\n\t\t\t\t<div class=\"elementor-widget-container\">\n\t\t\t\t\t\t\t\t\t<p>Acc\u00e9dez \u00e0 l\u2019ensemble de notre documentation et aux multiples services \u00e0 votre disposition pour vous accompagner dans votre pratique quotidienne.<\/p>\t\t\t\t\t\t\t\t<\/div>\n\t\t\t\t<\/div>\n\t\t\t\t<div class=\"elementor-element elementor-element-070904d elementor-align-left elementor-widget elementor-widget-button\" data-id=\"070904d\" data-element_type=\"widget\" data-e-type=\"widget\" data-widget_type=\"button.default\">\n\t\t\t\t<div class=\"elementor-widget-container\">\n\t\t\t\t\t\t\t\t\t<div class=\"elementor-button-wrapper\">\n\t\t\t\t\t<a class=\"elementor-button elementor-button-link elementor-size-sm\" href=\"\/hca\/login\/\">\n\t\t\t\t\t\t<span class=\"elementor-button-content-wrapper\">\n\t\t\t\t\t\t<span class=\"elementor-button-icon\">\n\t\t\t\t<i aria-hidden=\"true\" class=\"fas fa-arrow-right\"><\/i>\t\t\t<\/span>\n\t\t\t\t\t\t\t\t\t<span class=\"elementor-button-text\">Continuer avec OneKey\u2122 Connect<\/span>\n\t\t\t\t\t<\/span>\n\t\t\t\t\t<\/a>\n\t\t\t\t<\/div>\n\t\t\t\t\t\t\t\t<\/div>\n\t\t\t\t<\/div>\n\t\t\t\t<div class=\"elementor-element elementor-element-aaf9b86 elementor-widget elementor-widget-text-editor\" data-id=\"aaf9b86\" data-element_type=\"widget\" data-e-type=\"widget\" data-widget_type=\"text-editor.default\">\n\t\t\t\t<div class=\"elementor-widget-container\">\n\t\t\t\t\t\t\t\t\t<p>Vous n&rsquo;avez pas encore de compte ?<br \/><a href=\"https:\/\/connect.ibsa-pharma.fr\/signup\/\"><span style=\"text-decoration: underline;\"><strong>Cr\u00e9er un compte<\/strong><\/span><\/a><\/p>\t\t\t\t\t\t\t\t<\/div>\n\t\t\t\t<\/div>\n\t\t\t\t<div class=\"elementor-element elementor-element-6280179 elementor-widget elementor-widget-spacer\" data-id=\"6280179\" data-element_type=\"widget\" data-e-type=\"widget\" data-widget_type=\"spacer.default\">\n\t\t\t\t<div class=\"elementor-widget-container\">\n\t\t\t\t\t\t\t<div class=\"elementor-spacer\">\n\t\t\t<div class=\"elementor-spacer-inner\"><\/div>\n\t\t<\/div>\n\t\t\t\t\t\t<\/div>\n\t\t\t\t<\/div>\n\t\t\t\t\t<\/div>\n\t\t<\/div>\n\t\t\t\t<div class=\"elementor-column elementor-col-50 elementor-top-column elementor-element elementor-element-4e96a30\" data-id=\"4e96a30\" data-element_type=\"column\" data-e-type=\"column\" data-settings=\"{&quot;background_background&quot;:&quot;classic&quot;}\">\n\t\t\t<div class=\"elementor-widget-wrap elementor-element-populated\">\n\t\t\t\t\t\t<div class=\"elementor-element elementor-element-b6a6413 elementor-widget elementor-widget-spacer\" data-id=\"b6a6413\" data-element_type=\"widget\" data-e-type=\"widget\" data-widget_type=\"spacer.default\">\n\t\t\t\t<div class=\"elementor-widget-container\">\n\t\t\t\t\t\t\t<div class=\"elementor-spacer\">\n\t\t\t<div class=\"elementor-spacer-inner\"><\/div>\n\t\t<\/div>\n\t\t\t\t\t\t<\/div>\n\t\t\t\t<\/div>\n\t\t\t\t\t<\/div>\n\t\t<\/div>\n\t\t\t\t\t<\/div>\n\t\t<\/section>\n\t\t\t\t<\/div>\n\t\t","protected":false},"excerpt":{"rendered":"<p>Bienvenue sur ialuset.fr, la plateforme multi-services de ialuset\u00ae d\u00e9di\u00e9e aux professionnels de sant\u00e9. Acc\u00e9dez \u00e0 l\u2019ensemble de notre documentation et aux multiples services \u00e0 votre disposition pour vous accompagner dans votre pratique quotidienne. Continuer avec OneKey\u2122 Connect Vous n&rsquo;avez pas encore de compte ?Cr\u00e9er un compte<\/p>\n","protected":false},"author":7114,"featured_media":0,"parent":0,"menu_order":0,"comment_status":"closed","ping_status":"closed","template":"","meta":{"_acf_changed":false,"_monsterinsights_skip_tracking":false,"_monsterinsights_sitenote_active":false,"_monsterinsights_sitenote_note":"","_monsterinsights_sitenote_category":0,"site-sidebar-layout":"no-sidebar","site-content-layout":"page-builder","ast-site-content-layout":"full-width-container","site-content-style":"unboxed","site-sidebar-style":"unboxed","ast-global-header-display":"","ast-banner-title-visibility":"","ast-main-header-display":"","ast-hfb-above-header-display":"","ast-hfb-below-header-display":"","ast-hfb-mobile-header-display":"","site-post-title":"disabled","ast-breadcrumbs-content":"","ast-featured-img":"disabled","footer-sml-layout":"","ast-disable-related-posts":"","theme-transparent-header-meta":"default","adv-header-id-meta":"","stick-header-meta":"","header-above-stick-meta":"","header-main-stick-meta":"","header-below-stick-meta":"","astra-migrate-meta-layouts":"set","ast-page-background-enabled":"default","ast-page-background-meta":{"desktop":{"background-color":"","background-image":"","background-repeat":"repeat","background-position":"center center","background-size":"auto","background-attachment":"scroll","background-type":"","background-media":"","overlay-type":"","overlay-color":"","overlay-opacity":"","overlay-gradient":""},"tablet":{"background-color":"","background-image":"","background-repeat":"repeat","background-position":"center center","background-size":"auto","background-attachment":"scroll","background-type":"","background-media":"","overlay-type":"","overlay-color":"","overlay-opacity":"","overlay-gradient":""},"mobile":{"background-color":"","background-image":"","background-repeat":"repeat","background-position":"center center","background-size":"auto","background-attachment":"scroll","background-type":"","background-media":"","overlay-type":"","overlay-color":"","overlay-opacity":"","overlay-gradient":""}},"ast-content-background-meta":{"desktop":{"background-color":"var(--ast-global-color-5)","background-image":"","background-repeat":"repeat","background-position":"center center","background-size":"auto","background-attachment":"scroll","background-type":"","background-media":"","overlay-type":"","overlay-color":"","overlay-opacity":"","overlay-gradient":""},"tablet":{"background-color":"var(--ast-global-color-5)","background-image":"","background-repeat":"repeat","background-position":"center center","background-size":"auto","background-attachment":"scroll","background-type":"","background-media":"","overlay-type":"","overlay-color":"","overlay-opacity":"","overlay-gradient":""},"mobile":{"background-color":"var(--ast-global-color-5)","background-image":"","background-repeat":"repeat","background-position":"center center","background-size":"auto","background-attachment":"scroll","background-type":"","background-media":"","overlay-type":"","overlay-color":"","overlay-opacity":"","overlay-gradient":""}},"footnotes":""},"class_list":["post-17367","page","type-page","status-publish","hentry"],"acf":[],"yoast_head":"<!-- This site is optimized with the Yoast SEO plugin v27.2 - https:\/\/yoast.com\/product\/yoast-seo-wordpress\/ -->\n<title>Welcome ialuset - Ialuset<\/title>\n<meta name=\"robots\" content=\"index, follow, max-snippet:-1, max-image-preview:large, max-video-preview:-1\" \/>\n<link rel=\"canonical\" href=\"https:\/\/connect.ibsa-pharma.fr\/ialuset\/welcome\/\" \/>\n<meta property=\"og:locale\" content=\"fr_FR\" \/>\n<meta property=\"og:type\" content=\"article\" \/>\n<meta property=\"og:title\" content=\"Welcome ialuset - Ialuset\" \/>\n<meta property=\"og:description\" content=\"Bienvenue sur ialuset.fr, la plateforme multi-services de ialuset\u00ae d\u00e9di\u00e9e aux professionnels de sant\u00e9. Acc\u00e9dez \u00e0 l\u2019ensemble de notre documentation et aux multiples services \u00e0 votre disposition pour vous accompagner dans votre pratique quotidienne. Continuer avec OneKey\u2122 Connect Vous n&rsquo;avez pas encore de compte ?Cr\u00e9er un compte\" \/>\n<meta property=\"og:url\" content=\"https:\/\/connect.ibsa-pharma.fr\/ialuset\/welcome\/\" \/>\n<meta property=\"og:site_name\" content=\"Ialuset\" \/>\n<meta property=\"article:modified_time\" content=\"2025-07-09T09:22:43+00:00\" \/>\n<meta name=\"twitter:card\" content=\"summary_large_image\" \/>\n<meta name=\"twitter:label1\" content=\"Dur\u00e9e de lecture estim\u00e9e\" \/>\n\t<meta name=\"twitter:data1\" content=\"1 minute\" \/>\n<script type=\"application\/ld+json\" class=\"yoast-schema-graph\">{\"@context\":\"https:\/\/schema.org\",\"@graph\":[{\"@type\":\"WebPage\",\"@id\":\"https:\/\/connect.ibsa-pharma.fr\/ialuset\/welcome\/\",\"url\":\"https:\/\/connect.ibsa-pharma.fr\/ialuset\/welcome\/\",\"name\":\"Welcome ialuset - Ialuset\",\"isPartOf\":{\"@id\":\"https:\/\/connect.ibsa-pharma.fr\/ialuset\/#website\"},\"datePublished\":\"2025-07-09T08:57:53+00:00\",\"dateModified\":\"2025-07-09T09:22:43+00:00\",\"inLanguage\":\"fr-FR\",\"potentialAction\":[{\"@type\":\"ReadAction\",\"target\":[\"https:\/\/connect.ibsa-pharma.fr\/ialuset\/welcome\/\"]}]},{\"@type\":\"WebSite\",\"@id\":\"https:\/\/connect.ibsa-pharma.fr\/ialuset\/#website\",\"url\":\"https:\/\/connect.ibsa-pharma.fr\/ialuset\/\",\"name\":\"Ialuset\",\"description\":\"Acc\u00e9l\u00e9rez la cicatrisation des plaies de vos patients\",\"publisher\":{\"@id\":\"https:\/\/connect.ibsa-pharma.fr\/ialuset\/#organization\"},\"potentialAction\":[{\"@type\":\"SearchAction\",\"target\":{\"@type\":\"EntryPoint\",\"urlTemplate\":\"https:\/\/connect.ibsa-pharma.fr\/ialuset\/?s={search_term_string}\"},\"query-input\":{\"@type\":\"PropertyValueSpecification\",\"valueRequired\":true,\"valueName\":\"search_term_string\"}}],\"inLanguage\":\"fr-FR\"},{\"@type\":\"Organization\",\"@id\":\"https:\/\/connect.ibsa-pharma.fr\/ialuset\/#organization\",\"name\":\"Ialuset\",\"url\":\"https:\/\/connect.ibsa-pharma.fr\/ialuset\/\",\"logo\":{\"@type\":\"ImageObject\",\"inLanguage\":\"fr-FR\",\"@id\":\"https:\/\/connect.ibsa-pharma.fr\/ialuset\/#\/schema\/logo\/image\/\",\"url\":\"https:\/\/connect.ibsa-pharma.fr\/ialuset\/wp-content\/uploads\/sites\/14\/2021\/08\/ialuset-pro-1.png\",\"contentUrl\":\"https:\/\/connect.ibsa-pharma.fr\/ialuset\/wp-content\/uploads\/sites\/14\/2021\/08\/ialuset-pro-1.png\",\"width\":198,\"height\":65,\"caption\":\"Ialuset\"},\"image\":{\"@id\":\"https:\/\/connect.ibsa-pharma.fr\/ialuset\/#\/schema\/logo\/image\/\"}}]}<\/script>\n<!-- \/ Yoast SEO plugin. -->","yoast_head_json":{"title":"Welcome ialuset - Ialuset","robots":{"index":"index","follow":"follow","max-snippet":"max-snippet:-1","max-image-preview":"max-image-preview:large","max-video-preview":"max-video-preview:-1"},"canonical":"https:\/\/connect.ibsa-pharma.fr\/ialuset\/welcome\/","og_locale":"fr_FR","og_type":"article","og_title":"Welcome ialuset - Ialuset","og_description":"Bienvenue sur ialuset.fr, la plateforme multi-services de ialuset\u00ae d\u00e9di\u00e9e aux professionnels de sant\u00e9. Acc\u00e9dez \u00e0 l\u2019ensemble de notre documentation et aux multiples services \u00e0 votre disposition pour vous accompagner dans votre pratique quotidienne. Continuer avec OneKey\u2122 Connect Vous n&rsquo;avez pas encore de compte ?Cr\u00e9er un compte","og_url":"https:\/\/connect.ibsa-pharma.fr\/ialuset\/welcome\/","og_site_name":"Ialuset","article_modified_time":"2025-07-09T09:22:43+00:00","twitter_card":"summary_large_image","twitter_misc":{"Dur\u00e9e de lecture estim\u00e9e":"1 minute"},"schema":{"@context":"https:\/\/schema.org","@graph":[{"@type":"WebPage","@id":"https:\/\/connect.ibsa-pharma.fr\/ialuset\/welcome\/","url":"https:\/\/connect.ibsa-pharma.fr\/ialuset\/welcome\/","name":"Welcome ialuset - Ialuset","isPartOf":{"@id":"https:\/\/connect.ibsa-pharma.fr\/ialuset\/#website"},"datePublished":"2025-07-09T08:57:53+00:00","dateModified":"2025-07-09T09:22:43+00:00","inLanguage":"fr-FR","potentialAction":[{"@type":"ReadAction","target":["https:\/\/connect.ibsa-pharma.fr\/ialuset\/welcome\/"]}]},{"@type":"WebSite","@id":"https:\/\/connect.ibsa-pharma.fr\/ialuset\/#website","url":"https:\/\/connect.ibsa-pharma.fr\/ialuset\/","name":"Ialuset","description":"Acc\u00e9l\u00e9rez la cicatrisation des plaies de vos patients","publisher":{"@id":"https:\/\/connect.ibsa-pharma.fr\/ialuset\/#organization"},"potentialAction":[{"@type":"SearchAction","target":{"@type":"EntryPoint","urlTemplate":"https:\/\/connect.ibsa-pharma.fr\/ialuset\/?s={search_term_string}"},"query-input":{"@type":"PropertyValueSpecification","valueRequired":true,"valueName":"search_term_string"}}],"inLanguage":"fr-FR"},{"@type":"Organization","@id":"https:\/\/connect.ibsa-pharma.fr\/ialuset\/#organization","name":"Ialuset","url":"https:\/\/connect.ibsa-pharma.fr\/ialuset\/","logo":{"@type":"ImageObject","inLanguage":"fr-FR","@id":"https:\/\/connect.ibsa-pharma.fr\/ialuset\/#\/schema\/logo\/image\/","url":"https:\/\/connect.ibsa-pharma.fr\/ialuset\/wp-content\/uploads\/sites\/14\/2021\/08\/ialuset-pro-1.png","contentUrl":"https:\/\/connect.ibsa-pharma.fr\/ialuset\/wp-content\/uploads\/sites\/14\/2021\/08\/ialuset-pro-1.png","width":198,"height":65,"caption":"Ialuset"},"image":{"@id":"https:\/\/connect.ibsa-pharma.fr\/ialuset\/#\/schema\/logo\/image\/"}}]}},"_links":{"self":[{"href":"https:\/\/connect.ibsa-pharma.fr\/ialuset\/wp-json\/wp\/v2\/pages\/17367","targetHints":{"allow":["GET"]}}],"collection":[{"href":"https:\/\/connect.ibsa-pharma.fr\/ialuset\/wp-json\/wp\/v2\/pages"}],"about":[{"href":"https:\/\/connect.ibsa-pharma.fr\/ialuset\/wp-json\/wp\/v2\/types\/page"}],"author":[{"embeddable":true,"href":"https:\/\/connect.ibsa-pharma.fr\/ialuset\/wp-json\/wp\/v2\/users\/7114"}],"replies":[{"embeddable":true,"href":"https:\/\/connect.ibsa-pharma.fr\/ialuset\/wp-json\/wp\/v2\/comments?post=17367"}],"version-history":[{"count":8,"href":"https:\/\/connect.ibsa-pharma.fr\/ialuset\/wp-json\/wp\/v2\/pages\/17367\/revisions"}],"predecessor-version":[{"id":17381,"href":"https:\/\/connect.ibsa-pharma.fr\/ialuset\/wp-json\/wp\/v2\/pages\/17367\/revisions\/17381"}],"wp:attachment":[{"href":"https:\/\/connect.ibsa-pharma.fr\/ialuset\/wp-json\/wp\/v2\/media?parent=17367"}],"curies":[{"name":"wp","href":"https:\/\/api.w.org\/{rel}","templated":true}]}}