
{"id":29336,"date":"2025-07-09T11:06:16","date_gmt":"2025-07-09T09:06:16","guid":{"rendered":"https:\/\/connect.ibsa-pharma.fr\/ibsaderma\/?page_id=29336"},"modified":"2025-07-09T11:06:16","modified_gmt":"2025-07-09T09:06:16","slug":"welcome","status":"publish","type":"page","link":"https:\/\/connect.ibsa-pharma.fr\/ibsaderma\/welcome\/","title":{"rendered":"Welcome IBSA Derma"},"content":{"rendered":"\t\t<div data-elementor-type=\"wp-page\" data-elementor-id=\"29336\" class=\"elementor elementor-29336\" data-elementor-post-type=\"page\">\n\t\t\t\t\t\t<section class=\"elementor-section elementor-top-section elementor-element elementor-element-e21b1f3 elementor-section-height-min-height elementor-section-full_width elementor-section-items-stretch elementor-section-height-default\" data-id=\"e21b1f3\" data-element_type=\"section\" data-e-type=\"section\" data-settings=\"{&quot;background_background&quot;:&quot;classic&quot;}\">\n\t\t\t\t\t\t<div class=\"elementor-container elementor-column-gap-default\">\n\t\t\t\t\t<div class=\"elementor-column elementor-col-50 elementor-top-column elementor-element elementor-element-c33074a\" data-id=\"c33074a\" data-element_type=\"column\" data-e-type=\"column\" data-settings=\"{&quot;background_background&quot;:&quot;classic&quot;}\">\n\t\t\t<div class=\"elementor-widget-wrap elementor-element-populated\">\n\t\t\t\t\t\t<div class=\"elementor-element elementor-element-7e16c8b elementor-widget__width-initial elementor-widget elementor-widget-heading\" data-id=\"7e16c8b\" data-element_type=\"widget\" data-e-type=\"widget\" data-widget_type=\"heading.default\">\n\t\t\t\t<div class=\"elementor-widget-container\">\n\t\t\t\t\t<h1 class=\"elementor-heading-title elementor-size-default\">Bienvenue sur IBSA Derma,<br>\nla plateforme multi-services d\u00e9di\u00e9e aux professionnels de sant\u00e9<\/h1>\t\t\t\t<\/div>\n\t\t\t\t<\/div>\n\t\t\t\t<div class=\"elementor-element elementor-element-fb76588 elementor-widget elementor-widget-text-editor\" data-id=\"fb76588\" data-element_type=\"widget\" data-e-type=\"widget\" data-widget_type=\"text-editor.default\">\n\t\t\t\t<div class=\"elementor-widget-container\">\n\t\t\t\t\t\t\t\t\t<p>Acc\u00e9dez \u00e0 l\u2019ensemble de notre documentation et aux multiples services \u00e0 votre disposition pour vous accompagner dans votre pratique quotidienne.<\/p>\t\t\t\t\t\t\t\t<\/div>\n\t\t\t\t<\/div>\n\t\t\t\t<div class=\"elementor-element elementor-element-154d3f2 elementor-align-left elementor-widget elementor-widget-button\" data-id=\"154d3f2\" data-element_type=\"widget\" data-e-type=\"widget\" data-widget_type=\"button.default\">\n\t\t\t\t<div class=\"elementor-widget-container\">\n\t\t\t\t\t\t\t\t\t<div class=\"elementor-button-wrapper\">\n\t\t\t\t\t<a class=\"elementor-button elementor-button-link elementor-size-sm\" href=\"\/hca\/login\/\">\n\t\t\t\t\t\t<span class=\"elementor-button-content-wrapper\">\n\t\t\t\t\t\t<span class=\"elementor-button-icon\">\n\t\t\t\t<i aria-hidden=\"true\" class=\"fas fa-arrow-right\"><\/i>\t\t\t<\/span>\n\t\t\t\t\t\t\t\t\t<span class=\"elementor-button-text\">Continuer avec OneKey\u2122 Connect<\/span>\n\t\t\t\t\t<\/span>\n\t\t\t\t\t<\/a>\n\t\t\t\t<\/div>\n\t\t\t\t\t\t\t\t<\/div>\n\t\t\t\t<\/div>\n\t\t\t\t<div class=\"elementor-element elementor-element-02794dd elementor-widget elementor-widget-text-editor\" data-id=\"02794dd\" data-element_type=\"widget\" data-e-type=\"widget\" data-widget_type=\"text-editor.default\">\n\t\t\t\t<div class=\"elementor-widget-container\">\n\t\t\t\t\t\t\t\t\t<p>Vous n&rsquo;avez pas encore de compte ?<br \/><a href=\"https:\/\/stagingibsaconnect.fr\/signup\/\"><span style=\"text-decoration: underline;\"><strong>Cr\u00e9er un compte<\/strong><\/span><\/a><\/p>\t\t\t\t\t\t\t\t<\/div>\n\t\t\t\t<\/div>\n\t\t\t\t<div class=\"elementor-element elementor-element-4c7ab8b elementor-widget elementor-widget-spacer\" data-id=\"4c7ab8b\" data-element_type=\"widget\" data-e-type=\"widget\" data-widget_type=\"spacer.default\">\n\t\t\t\t<div class=\"elementor-widget-container\">\n\t\t\t\t\t\t\t<div class=\"elementor-spacer\">\n\t\t\t<div class=\"elementor-spacer-inner\"><\/div>\n\t\t<\/div>\n\t\t\t\t\t\t<\/div>\n\t\t\t\t<\/div>\n\t\t\t\t\t<\/div>\n\t\t<\/div>\n\t\t\t\t<div class=\"elementor-column elementor-col-50 elementor-top-column elementor-element elementor-element-3aeac6e\" data-id=\"3aeac6e\" data-element_type=\"column\" data-e-type=\"column\" data-settings=\"{&quot;background_background&quot;:&quot;classic&quot;}\">\n\t\t\t<div class=\"elementor-widget-wrap elementor-element-populated\">\n\t\t\t\t\t\t<div class=\"elementor-element elementor-element-0efa0ef elementor-widget elementor-widget-spacer\" data-id=\"0efa0ef\" data-element_type=\"widget\" data-e-type=\"widget\" data-widget_type=\"spacer.default\">\n\t\t\t\t<div class=\"elementor-widget-container\">\n\t\t\t\t\t\t\t<div class=\"elementor-spacer\">\n\t\t\t<div class=\"elementor-spacer-inner\"><\/div>\n\t\t<\/div>\n\t\t\t\t\t\t<\/div>\n\t\t\t\t<\/div>\n\t\t\t\t\t<\/div>\n\t\t<\/div>\n\t\t\t\t\t<\/div>\n\t\t<\/section>\n\t\t\t\t<\/div>\n\t\t","protected":false},"excerpt":{"rendered":"<p>Bienvenue sur IBSA Derma, la plateforme multi-services d\u00e9di\u00e9e aux professionnels de sant\u00e9 Acc\u00e9dez \u00e0 l\u2019ensemble de notre documentation et aux multiples services \u00e0 votre disposition pour vous accompagner dans votre pratique quotidienne. Continuer avec OneKey\u2122 Connect Vous n&rsquo;avez pas encore de compte ?Cr\u00e9er un compte<\/p>\n","protected":false},"author":7114,"featured_media":0,"parent":0,"menu_order":0,"comment_status":"closed","ping_status":"closed","template":"","meta":{"_acf_changed":false,"_monsterinsights_skip_tracking":false,"_monsterinsights_sitenote_active":false,"_monsterinsights_sitenote_note":"","_monsterinsights_sitenote_category":0,"site-sidebar-layout":"no-sidebar","site-content-layout":"page-builder","ast-site-content-layout":"full-width-container","site-content-style":"default","site-sidebar-style":"default","ast-global-header-display":"","ast-banner-title-visibility":"","ast-main-header-display":"","ast-hfb-above-header-display":"","ast-hfb-below-header-display":"","ast-hfb-mobile-header-display":"","site-post-title":"disabled","ast-breadcrumbs-content":"","ast-featured-img":"disabled","footer-sml-layout":"","ast-disable-related-posts":"","theme-transparent-header-meta":"","adv-header-id-meta":"","stick-header-meta":"","header-above-stick-meta":"","header-main-stick-meta":"","header-below-stick-meta":"","astra-migrate-meta-layouts":"default","ast-page-background-enabled":"default","ast-page-background-meta":{"desktop":{"background-color":"var(--ast-global-color-4)","background-image":"","background-repeat":"repeat","background-position":"center center","background-size":"auto","background-attachment":"scroll","background-type":"","background-media":"","overlay-type":"","overlay-color":"","overlay-opacity":"","overlay-gradient":""},"tablet":{"background-color":"","background-image":"","background-repeat":"repeat","background-position":"center center","background-size":"auto","background-attachment":"scroll","background-type":"","background-media":"","overlay-type":"","overlay-color":"","overlay-opacity":"","overlay-gradient":""},"mobile":{"background-color":"","background-image":"","background-repeat":"repeat","background-position":"center center","background-size":"auto","background-attachment":"scroll","background-type":"","background-media":"","overlay-type":"","overlay-color":"","overlay-opacity":"","overlay-gradient":""}},"ast-content-background-meta":{"desktop":{"background-color":"var(--ast-global-color-5)","background-image":"","background-repeat":"repeat","background-position":"center center","background-size":"auto","background-attachment":"scroll","background-type":"","background-media":"","overlay-type":"","overlay-color":"","overlay-opacity":"","overlay-gradient":""},"tablet":{"background-color":"var(--ast-global-color-5)","background-image":"","background-repeat":"repeat","background-position":"center center","background-size":"auto","background-attachment":"scroll","background-type":"","background-media":"","overlay-type":"","overlay-color":"","overlay-opacity":"","overlay-gradient":""},"mobile":{"background-color":"var(--ast-global-color-5)","background-image":"","background-repeat":"repeat","background-position":"center center","background-size":"auto","background-attachment":"scroll","background-type":"","background-media":"","overlay-type":"","overlay-color":"","overlay-opacity":"","overlay-gradient":""}},"footnotes":""},"class_list":["post-29336","page","type-page","status-publish","hentry"],"acf":[],"yoast_head":"<!-- This site is optimized with the Yoast SEO plugin v27.2 - https:\/\/yoast.com\/product\/yoast-seo-wordpress\/ -->\n<title>Welcome IBSA Derma - IBSA DERMA - Pro<\/title>\n<meta name=\"robots\" content=\"index, follow, max-snippet:-1, max-image-preview:large, max-video-preview:-1\" \/>\n<link rel=\"canonical\" href=\"https:\/\/connect.ibsa-pharma.fr\/ibsaderma\/welcome\/\" \/>\n<meta property=\"og:locale\" content=\"fr_FR\" \/>\n<meta property=\"og:type\" content=\"article\" \/>\n<meta property=\"og:title\" content=\"Welcome IBSA Derma - IBSA DERMA - Pro\" \/>\n<meta property=\"og:description\" content=\"Bienvenue sur IBSA Derma, la plateforme multi-services d\u00e9di\u00e9e aux professionnels de sant\u00e9 Acc\u00e9dez \u00e0 l\u2019ensemble de notre documentation et aux multiples services \u00e0 votre disposition pour vous accompagner dans votre pratique quotidienne. Continuer avec OneKey\u2122 Connect Vous n&rsquo;avez pas encore de compte ?Cr\u00e9er un compte\" \/>\n<meta property=\"og:url\" content=\"https:\/\/connect.ibsa-pharma.fr\/ibsaderma\/welcome\/\" \/>\n<meta property=\"og:site_name\" content=\"IBSA DERMA - Pro\" \/>\n<meta name=\"twitter:card\" content=\"summary_large_image\" \/>\n<meta name=\"twitter:label1\" content=\"Dur\u00e9e de lecture estim\u00e9e\" \/>\n\t<meta name=\"twitter:data1\" content=\"1 minute\" \/>\n<script type=\"application\/ld+json\" class=\"yoast-schema-graph\">{\"@context\":\"https:\/\/schema.org\",\"@graph\":[{\"@type\":\"WebPage\",\"@id\":\"https:\/\/connect.ibsa-pharma.fr\/ibsaderma\/welcome\/\",\"url\":\"https:\/\/connect.ibsa-pharma.fr\/ibsaderma\/welcome\/\",\"name\":\"Welcome IBSA Derma - IBSA DERMA - Pro\",\"isPartOf\":{\"@id\":\"https:\/\/connect.ibsa-pharma.fr\/ibsaderma\/#website\"},\"datePublished\":\"2025-07-09T09:06:16+00:00\",\"inLanguage\":\"fr-FR\",\"potentialAction\":[{\"@type\":\"ReadAction\",\"target\":[\"https:\/\/connect.ibsa-pharma.fr\/ibsaderma\/welcome\/\"]}]},{\"@type\":\"WebSite\",\"@id\":\"https:\/\/connect.ibsa-pharma.fr\/ibsaderma\/#website\",\"url\":\"https:\/\/connect.ibsa-pharma.fr\/ibsaderma\/\",\"name\":\"IBSA DERMA - Pro\",\"description\":\"IBSA DERMA, Beaut\u00e9 pure, innovation\",\"publisher\":{\"@id\":\"https:\/\/connect.ibsa-pharma.fr\/ibsaderma\/#organization\"},\"potentialAction\":[{\"@type\":\"SearchAction\",\"target\":{\"@type\":\"EntryPoint\",\"urlTemplate\":\"https:\/\/connect.ibsa-pharma.fr\/ibsaderma\/?s={search_term_string}\"},\"query-input\":{\"@type\":\"PropertyValueSpecification\",\"valueRequired\":true,\"valueName\":\"search_term_string\"}}],\"inLanguage\":\"fr-FR\"},{\"@type\":\"Organization\",\"@id\":\"https:\/\/connect.ibsa-pharma.fr\/ibsaderma\/#organization\",\"name\":\"IBSA DERMA - Pro\",\"url\":\"https:\/\/connect.ibsa-pharma.fr\/ibsaderma\/\",\"logo\":{\"@type\":\"ImageObject\",\"inLanguage\":\"fr-FR\",\"@id\":\"https:\/\/connect.ibsa-pharma.fr\/ibsaderma\/#\/schema\/logo\/image\/\",\"url\":\"https:\/\/connect.ibsa-pharma.fr\/ibsaderma\/wp-content\/uploads\/sites\/26\/2021\/08\/logo-ibsaderma.png\",\"contentUrl\":\"https:\/\/connect.ibsa-pharma.fr\/ibsaderma\/wp-content\/uploads\/sites\/26\/2021\/08\/logo-ibsaderma.png\",\"width\":290,\"height\":75,\"caption\":\"IBSA DERMA - Pro\"},\"image\":{\"@id\":\"https:\/\/connect.ibsa-pharma.fr\/ibsaderma\/#\/schema\/logo\/image\/\"}}]}<\/script>\n<!-- \/ Yoast SEO plugin. -->","yoast_head_json":{"title":"Welcome IBSA Derma - IBSA DERMA - Pro","robots":{"index":"index","follow":"follow","max-snippet":"max-snippet:-1","max-image-preview":"max-image-preview:large","max-video-preview":"max-video-preview:-1"},"canonical":"https:\/\/connect.ibsa-pharma.fr\/ibsaderma\/welcome\/","og_locale":"fr_FR","og_type":"article","og_title":"Welcome IBSA Derma - IBSA DERMA - Pro","og_description":"Bienvenue sur IBSA Derma, la plateforme multi-services d\u00e9di\u00e9e aux professionnels de sant\u00e9 Acc\u00e9dez \u00e0 l\u2019ensemble de notre documentation et aux multiples services \u00e0 votre disposition pour vous accompagner dans votre pratique quotidienne. Continuer avec OneKey\u2122 Connect Vous n&rsquo;avez pas encore de compte ?Cr\u00e9er un compte","og_url":"https:\/\/connect.ibsa-pharma.fr\/ibsaderma\/welcome\/","og_site_name":"IBSA DERMA - Pro","twitter_card":"summary_large_image","twitter_misc":{"Dur\u00e9e de lecture estim\u00e9e":"1 minute"},"schema":{"@context":"https:\/\/schema.org","@graph":[{"@type":"WebPage","@id":"https:\/\/connect.ibsa-pharma.fr\/ibsaderma\/welcome\/","url":"https:\/\/connect.ibsa-pharma.fr\/ibsaderma\/welcome\/","name":"Welcome IBSA Derma - IBSA DERMA - Pro","isPartOf":{"@id":"https:\/\/connect.ibsa-pharma.fr\/ibsaderma\/#website"},"datePublished":"2025-07-09T09:06:16+00:00","inLanguage":"fr-FR","potentialAction":[{"@type":"ReadAction","target":["https:\/\/connect.ibsa-pharma.fr\/ibsaderma\/welcome\/"]}]},{"@type":"WebSite","@id":"https:\/\/connect.ibsa-pharma.fr\/ibsaderma\/#website","url":"https:\/\/connect.ibsa-pharma.fr\/ibsaderma\/","name":"IBSA DERMA - Pro","description":"IBSA DERMA, Beaut\u00e9 pure, innovation","publisher":{"@id":"https:\/\/connect.ibsa-pharma.fr\/ibsaderma\/#organization"},"potentialAction":[{"@type":"SearchAction","target":{"@type":"EntryPoint","urlTemplate":"https:\/\/connect.ibsa-pharma.fr\/ibsaderma\/?s={search_term_string}"},"query-input":{"@type":"PropertyValueSpecification","valueRequired":true,"valueName":"search_term_string"}}],"inLanguage":"fr-FR"},{"@type":"Organization","@id":"https:\/\/connect.ibsa-pharma.fr\/ibsaderma\/#organization","name":"IBSA DERMA - Pro","url":"https:\/\/connect.ibsa-pharma.fr\/ibsaderma\/","logo":{"@type":"ImageObject","inLanguage":"fr-FR","@id":"https:\/\/connect.ibsa-pharma.fr\/ibsaderma\/#\/schema\/logo\/image\/","url":"https:\/\/connect.ibsa-pharma.fr\/ibsaderma\/wp-content\/uploads\/sites\/26\/2021\/08\/logo-ibsaderma.png","contentUrl":"https:\/\/connect.ibsa-pharma.fr\/ibsaderma\/wp-content\/uploads\/sites\/26\/2021\/08\/logo-ibsaderma.png","width":290,"height":75,"caption":"IBSA DERMA - Pro"},"image":{"@id":"https:\/\/connect.ibsa-pharma.fr\/ibsaderma\/#\/schema\/logo\/image\/"}}]}},"_links":{"self":[{"href":"https:\/\/connect.ibsa-pharma.fr\/ibsaderma\/wp-json\/wp\/v2\/pages\/29336","targetHints":{"allow":["GET"]}}],"collection":[{"href":"https:\/\/connect.ibsa-pharma.fr\/ibsaderma\/wp-json\/wp\/v2\/pages"}],"about":[{"href":"https:\/\/connect.ibsa-pharma.fr\/ibsaderma\/wp-json\/wp\/v2\/types\/page"}],"author":[{"embeddable":true,"href":"https:\/\/connect.ibsa-pharma.fr\/ibsaderma\/wp-json\/wp\/v2\/users\/7114"}],"replies":[{"embeddable":true,"href":"https:\/\/connect.ibsa-pharma.fr\/ibsaderma\/wp-json\/wp\/v2\/comments?post=29336"}],"version-history":[{"count":4,"href":"https:\/\/connect.ibsa-pharma.fr\/ibsaderma\/wp-json\/wp\/v2\/pages\/29336\/revisions"}],"predecessor-version":[{"id":29349,"href":"https:\/\/connect.ibsa-pharma.fr\/ibsaderma\/wp-json\/wp\/v2\/pages\/29336\/revisions\/29349"}],"wp:attachment":[{"href":"https:\/\/connect.ibsa-pharma.fr\/ibsaderma\/wp-json\/wp\/v2\/media?parent=29336"}],"curies":[{"name":"wp","href":"https:\/\/api.w.org\/{rel}","templated":true}]}}