
{"id":6700,"date":"2025-07-09T11:00:11","date_gmt":"2025-07-09T09:00:11","guid":{"rendered":"https:\/\/connect.ibsa-pharma.fr\/ibsafertility\/?page_id=6700"},"modified":"2025-07-09T11:24:11","modified_gmt":"2025-07-09T09:24:11","slug":"welcome","status":"publish","type":"page","link":"https:\/\/connect.ibsa-pharma.fr\/ibsafertility\/welcome\/","title":{"rendered":"Welcome Ibsa Fertility"},"content":{"rendered":"\t\t<div data-elementor-type=\"wp-page\" data-elementor-id=\"6700\" class=\"elementor elementor-6700\" data-elementor-post-type=\"page\">\n\t\t\t\t\t\t<section class=\"elementor-section elementor-top-section elementor-element elementor-element-2a9582b elementor-section-height-min-height elementor-section-full_width elementor-section-items-stretch elementor-section-height-default\" data-id=\"2a9582b\" data-element_type=\"section\" data-e-type=\"section\" data-settings=\"{&quot;background_background&quot;:&quot;classic&quot;}\">\n\t\t\t\t\t\t<div class=\"elementor-container elementor-column-gap-default\">\n\t\t\t\t\t<div class=\"elementor-column elementor-col-50 elementor-top-column elementor-element elementor-element-64aabab\" data-id=\"64aabab\" data-element_type=\"column\" data-e-type=\"column\" data-settings=\"{&quot;background_background&quot;:&quot;classic&quot;}\">\n\t\t\t<div class=\"elementor-widget-wrap elementor-element-populated\">\n\t\t\t\t\t\t<div class=\"elementor-element elementor-element-f467877 elementor-widget__width-initial elementor-widget elementor-widget-heading\" data-id=\"f467877\" data-element_type=\"widget\" data-e-type=\"widget\" data-widget_type=\"heading.default\">\n\t\t\t\t<div class=\"elementor-widget-container\">\n\t\t\t\t\t<h1 class=\"elementor-heading-title elementor-size-default\">Bienvenue sur IBSA Fertility pro,<br>la plateforme multi-services d\u00e9di\u00e9e aux professionnels de sant\u00e9<\/h1>\t\t\t\t<\/div>\n\t\t\t\t<\/div>\n\t\t\t\t<div class=\"elementor-element elementor-element-1cf7151 elementor-widget elementor-widget-text-editor\" data-id=\"1cf7151\" data-element_type=\"widget\" data-e-type=\"widget\" data-widget_type=\"text-editor.default\">\n\t\t\t\t<div class=\"elementor-widget-container\">\n\t\t\t\t\t\t\t\t\t<p>Acc\u00e9dez \u00e0 l\u2019ensemble de notre documentation et aux multiples services \u00e0 votre disposition pour vous accompagner dans votre pratique quotidienne.<\/p>\t\t\t\t\t\t\t\t<\/div>\n\t\t\t\t<\/div>\n\t\t\t\t<div class=\"elementor-element elementor-element-a184b49 elementor-align-left elementor-widget elementor-widget-button\" data-id=\"a184b49\" data-element_type=\"widget\" data-e-type=\"widget\" data-widget_type=\"button.default\">\n\t\t\t\t<div class=\"elementor-widget-container\">\n\t\t\t\t\t\t\t\t\t<div class=\"elementor-button-wrapper\">\n\t\t\t\t\t<a class=\"elementor-button elementor-button-link elementor-size-sm\" href=\"\/hca\/login\/\">\n\t\t\t\t\t\t<span class=\"elementor-button-content-wrapper\">\n\t\t\t\t\t\t<span class=\"elementor-button-icon\">\n\t\t\t\t<i aria-hidden=\"true\" class=\"fas fa-arrow-right\"><\/i>\t\t\t<\/span>\n\t\t\t\t\t\t\t\t\t<span class=\"elementor-button-text\">Continuer avec OneKey\u2122 Connect<\/span>\n\t\t\t\t\t<\/span>\n\t\t\t\t\t<\/a>\n\t\t\t\t<\/div>\n\t\t\t\t\t\t\t\t<\/div>\n\t\t\t\t<\/div>\n\t\t\t\t<div class=\"elementor-element elementor-element-1a511d4 elementor-widget elementor-widget-text-editor\" data-id=\"1a511d4\" data-element_type=\"widget\" data-e-type=\"widget\" data-widget_type=\"text-editor.default\">\n\t\t\t\t<div class=\"elementor-widget-container\">\n\t\t\t\t\t\t\t\t\t<p>Vous n&rsquo;avez pas encore de compte ?<br \/><a href=\"https:\/\/connect.ibsa-pharma.fr\/signup\/\"><span style=\"text-decoration: underline;\"><strong>Cr\u00e9er un compte<\/strong><\/span><\/a><\/p>\t\t\t\t\t\t\t\t<\/div>\n\t\t\t\t<\/div>\n\t\t\t\t<div class=\"elementor-element elementor-element-0545ab7 elementor-widget elementor-widget-spacer\" data-id=\"0545ab7\" data-element_type=\"widget\" data-e-type=\"widget\" data-widget_type=\"spacer.default\">\n\t\t\t\t<div class=\"elementor-widget-container\">\n\t\t\t\t\t\t\t<div class=\"elementor-spacer\">\n\t\t\t<div class=\"elementor-spacer-inner\"><\/div>\n\t\t<\/div>\n\t\t\t\t\t\t<\/div>\n\t\t\t\t<\/div>\n\t\t\t\t\t<\/div>\n\t\t<\/div>\n\t\t\t\t<div class=\"elementor-column elementor-col-50 elementor-top-column elementor-element elementor-element-f5b91fd\" data-id=\"f5b91fd\" data-element_type=\"column\" data-e-type=\"column\" data-settings=\"{&quot;background_background&quot;:&quot;classic&quot;}\">\n\t\t\t<div class=\"elementor-widget-wrap elementor-element-populated\">\n\t\t\t\t\t\t<div class=\"elementor-element elementor-element-8660ace elementor-widget elementor-widget-spacer\" data-id=\"8660ace\" data-element_type=\"widget\" data-e-type=\"widget\" data-widget_type=\"spacer.default\">\n\t\t\t\t<div class=\"elementor-widget-container\">\n\t\t\t\t\t\t\t<div class=\"elementor-spacer\">\n\t\t\t<div class=\"elementor-spacer-inner\"><\/div>\n\t\t<\/div>\n\t\t\t\t\t\t<\/div>\n\t\t\t\t<\/div>\n\t\t\t\t\t<\/div>\n\t\t<\/div>\n\t\t\t\t\t<\/div>\n\t\t<\/section>\n\t\t\t\t<\/div>\n\t\t","protected":false},"excerpt":{"rendered":"<p>Bienvenue sur IBSA Fertility pro,la plateforme multi-services d\u00e9di\u00e9e aux professionnels de sant\u00e9 Acc\u00e9dez \u00e0 l\u2019ensemble de notre documentation et aux multiples services \u00e0 votre disposition pour vous accompagner dans votre pratique quotidienne. Continuer avec OneKey\u2122 Connect Vous n&rsquo;avez pas encore de compte ?Cr\u00e9er un compte<\/p>\n","protected":false},"author":7114,"featured_media":0,"parent":0,"menu_order":0,"comment_status":"closed","ping_status":"closed","template":"","meta":{"_acf_changed":false,"site-sidebar-layout":"no-sidebar","site-content-layout":"page-builder","ast-site-content-layout":"full-width-container","site-content-style":"default","site-sidebar-style":"default","ast-global-header-display":"","ast-banner-title-visibility":"","ast-main-header-display":"","ast-hfb-above-header-display":"","ast-hfb-below-header-display":"","ast-hfb-mobile-header-display":"","site-post-title":"disabled","ast-breadcrumbs-content":"","ast-featured-img":"disabled","footer-sml-layout":"","ast-disable-related-posts":"","theme-transparent-header-meta":"","adv-header-id-meta":"","stick-header-meta":"","header-above-stick-meta":"","header-main-stick-meta":"","header-below-stick-meta":"","astra-migrate-meta-layouts":"default","ast-page-background-enabled":"default","ast-page-background-meta":{"desktop":{"background-color":"","background-image":"","background-repeat":"repeat","background-position":"center center","background-size":"auto","background-attachment":"scroll","background-type":"","background-media":"","overlay-type":"","overlay-color":"","overlay-opacity":"","overlay-gradient":""},"tablet":{"background-color":"","background-image":"","background-repeat":"repeat","background-position":"center center","background-size":"auto","background-attachment":"scroll","background-type":"","background-media":"","overlay-type":"","overlay-color":"","overlay-opacity":"","overlay-gradient":""},"mobile":{"background-color":"","background-image":"","background-repeat":"repeat","background-position":"center center","background-size":"auto","background-attachment":"scroll","background-type":"","background-media":"","overlay-type":"","overlay-color":"","overlay-opacity":"","overlay-gradient":""}},"ast-content-background-meta":{"desktop":{"background-color":"var(--ast-global-color-5)","background-image":"","background-repeat":"repeat","background-position":"center center","background-size":"auto","background-attachment":"scroll","background-type":"","background-media":"","overlay-type":"","overlay-color":"","overlay-opacity":"","overlay-gradient":""},"tablet":{"background-color":"var(--ast-global-color-5)","background-image":"","background-repeat":"repeat","background-position":"center center","background-size":"auto","background-attachment":"scroll","background-type":"","background-media":"","overlay-type":"","overlay-color":"","overlay-opacity":"","overlay-gradient":""},"mobile":{"background-color":"var(--ast-global-color-5)","background-image":"","background-repeat":"repeat","background-position":"center center","background-size":"auto","background-attachment":"scroll","background-type":"","background-media":"","overlay-type":"","overlay-color":"","overlay-opacity":"","overlay-gradient":""}},"footnotes":""},"class_list":["post-6700","page","type-page","status-publish","hentry"],"acf":[],"yoast_head":"<!-- This site is optimized with the Yoast SEO plugin v27.2 - https:\/\/yoast.com\/product\/yoast-seo-wordpress\/ -->\n<title>Welcome Ibsa Fertility - IBSA Fertility Pro<\/title>\n<meta name=\"robots\" content=\"index, follow, max-snippet:-1, max-image-preview:large, max-video-preview:-1\" \/>\n<link rel=\"canonical\" href=\"https:\/\/connect.ibsa-pharma.fr\/ibsafertility\/welcome\/\" \/>\n<meta property=\"og:locale\" content=\"fr_FR\" \/>\n<meta property=\"og:type\" content=\"article\" \/>\n<meta property=\"og:title\" content=\"Welcome Ibsa Fertility - IBSA Fertility Pro\" \/>\n<meta property=\"og:description\" content=\"Bienvenue sur IBSA Fertility pro,la plateforme multi-services d\u00e9di\u00e9e aux professionnels de sant\u00e9 Acc\u00e9dez \u00e0 l\u2019ensemble de notre documentation et aux multiples services \u00e0 votre disposition pour vous accompagner dans votre pratique quotidienne. Continuer avec OneKey\u2122 Connect Vous n&rsquo;avez pas encore de compte ?Cr\u00e9er un compte\" \/>\n<meta property=\"og:url\" content=\"https:\/\/connect.ibsa-pharma.fr\/ibsafertility\/welcome\/\" \/>\n<meta property=\"og:site_name\" content=\"IBSA Fertility Pro\" \/>\n<meta property=\"article:modified_time\" content=\"2025-07-09T09:24:11+00:00\" \/>\n<meta name=\"twitter:card\" content=\"summary_large_image\" \/>\n<meta name=\"twitter:label1\" content=\"Dur\u00e9e de lecture estim\u00e9e\" \/>\n\t<meta name=\"twitter:data1\" content=\"1 minute\" \/>\n<script type=\"application\/ld+json\" class=\"yoast-schema-graph\">{\"@context\":\"https:\/\/schema.org\",\"@graph\":[{\"@type\":\"WebPage\",\"@id\":\"https:\/\/connect.ibsa-pharma.fr\/ibsafertility\/welcome\/\",\"url\":\"https:\/\/connect.ibsa-pharma.fr\/ibsafertility\/welcome\/\",\"name\":\"Welcome Ibsa Fertility - IBSA Fertility Pro\",\"isPartOf\":{\"@id\":\"https:\/\/connect.ibsa-pharma.fr\/ibsafertility\/#website\"},\"datePublished\":\"2025-07-09T09:00:11+00:00\",\"dateModified\":\"2025-07-09T09:24:11+00:00\",\"breadcrumb\":{\"@id\":\"https:\/\/connect.ibsa-pharma.fr\/ibsafertility\/welcome\/#breadcrumb\"},\"inLanguage\":\"fr-FR\",\"potentialAction\":[{\"@type\":\"ReadAction\",\"target\":[\"https:\/\/connect.ibsa-pharma.fr\/ibsafertility\/welcome\/\"]}]},{\"@type\":\"BreadcrumbList\",\"@id\":\"https:\/\/connect.ibsa-pharma.fr\/ibsafertility\/welcome\/#breadcrumb\",\"itemListElement\":[{\"@type\":\"ListItem\",\"position\":1,\"name\":\"Accueil\",\"item\":\"https:\/\/connect.ibsa-pharma.fr\/ibsafertility\/\"},{\"@type\":\"ListItem\",\"position\":2,\"name\":\"Welcome Ibsa Fertility\"}]},{\"@type\":\"WebSite\",\"@id\":\"https:\/\/connect.ibsa-pharma.fr\/ibsafertility\/#website\",\"url\":\"https:\/\/connect.ibsa-pharma.fr\/ibsafertility\/\",\"name\":\"IBSA Fertility Pro\",\"description\":\"Pour faire avancer la prise en charge en Procr\u00e9ation M\u00e9dicale Assist\u00e9e (PMA)\",\"publisher\":{\"@id\":\"https:\/\/connect.ibsa-pharma.fr\/ibsafertility\/#organization\"},\"potentialAction\":[{\"@type\":\"SearchAction\",\"target\":{\"@type\":\"EntryPoint\",\"urlTemplate\":\"https:\/\/connect.ibsa-pharma.fr\/ibsafertility\/?s={search_term_string}\"},\"query-input\":{\"@type\":\"PropertyValueSpecification\",\"valueRequired\":true,\"valueName\":\"search_term_string\"}}],\"inLanguage\":\"fr-FR\"},{\"@type\":\"Organization\",\"@id\":\"https:\/\/connect.ibsa-pharma.fr\/ibsafertility\/#organization\",\"name\":\"IBSA Fertility Pro\",\"url\":\"https:\/\/connect.ibsa-pharma.fr\/ibsafertility\/\",\"logo\":{\"@type\":\"ImageObject\",\"inLanguage\":\"fr-FR\",\"@id\":\"https:\/\/connect.ibsa-pharma.fr\/ibsafertility\/#\/schema\/logo\/image\/\",\"url\":\"\/wp-content\/uploads\/sites\/18\/2023\/06\/BROCHURE_CR_IBSA_TODAY-SESSION_1-1.jpg\",\"contentUrl\":\"\/wp-content\/uploads\/sites\/18\/2023\/06\/BROCHURE_CR_IBSA_TODAY-SESSION_1-1.jpg\",\"width\":794,\"height\":1123,\"caption\":\"IBSA Fertility Pro\"},\"image\":{\"@id\":\"https:\/\/connect.ibsa-pharma.fr\/ibsafertility\/#\/schema\/logo\/image\/\"}}]}<\/script>\n<!-- \/ Yoast SEO plugin. -->","yoast_head_json":{"title":"Welcome Ibsa Fertility - IBSA Fertility Pro","robots":{"index":"index","follow":"follow","max-snippet":"max-snippet:-1","max-image-preview":"max-image-preview:large","max-video-preview":"max-video-preview:-1"},"canonical":"https:\/\/connect.ibsa-pharma.fr\/ibsafertility\/welcome\/","og_locale":"fr_FR","og_type":"article","og_title":"Welcome Ibsa Fertility - IBSA Fertility Pro","og_description":"Bienvenue sur IBSA Fertility pro,la plateforme multi-services d\u00e9di\u00e9e aux professionnels de sant\u00e9 Acc\u00e9dez \u00e0 l\u2019ensemble de notre documentation et aux multiples services \u00e0 votre disposition pour vous accompagner dans votre pratique quotidienne. Continuer avec OneKey\u2122 Connect Vous n&rsquo;avez pas encore de compte ?Cr\u00e9er un compte","og_url":"https:\/\/connect.ibsa-pharma.fr\/ibsafertility\/welcome\/","og_site_name":"IBSA Fertility Pro","article_modified_time":"2025-07-09T09:24:11+00:00","twitter_card":"summary_large_image","twitter_misc":{"Dur\u00e9e de lecture estim\u00e9e":"1 minute"},"schema":{"@context":"https:\/\/schema.org","@graph":[{"@type":"WebPage","@id":"https:\/\/connect.ibsa-pharma.fr\/ibsafertility\/welcome\/","url":"https:\/\/connect.ibsa-pharma.fr\/ibsafertility\/welcome\/","name":"Welcome Ibsa Fertility - IBSA Fertility Pro","isPartOf":{"@id":"https:\/\/connect.ibsa-pharma.fr\/ibsafertility\/#website"},"datePublished":"2025-07-09T09:00:11+00:00","dateModified":"2025-07-09T09:24:11+00:00","breadcrumb":{"@id":"https:\/\/connect.ibsa-pharma.fr\/ibsafertility\/welcome\/#breadcrumb"},"inLanguage":"fr-FR","potentialAction":[{"@type":"ReadAction","target":["https:\/\/connect.ibsa-pharma.fr\/ibsafertility\/welcome\/"]}]},{"@type":"BreadcrumbList","@id":"https:\/\/connect.ibsa-pharma.fr\/ibsafertility\/welcome\/#breadcrumb","itemListElement":[{"@type":"ListItem","position":1,"name":"Accueil","item":"https:\/\/connect.ibsa-pharma.fr\/ibsafertility\/"},{"@type":"ListItem","position":2,"name":"Welcome Ibsa Fertility"}]},{"@type":"WebSite","@id":"https:\/\/connect.ibsa-pharma.fr\/ibsafertility\/#website","url":"https:\/\/connect.ibsa-pharma.fr\/ibsafertility\/","name":"IBSA Fertility Pro","description":"Pour faire avancer la prise en charge en Procr\u00e9ation M\u00e9dicale Assist\u00e9e (PMA)","publisher":{"@id":"https:\/\/connect.ibsa-pharma.fr\/ibsafertility\/#organization"},"potentialAction":[{"@type":"SearchAction","target":{"@type":"EntryPoint","urlTemplate":"https:\/\/connect.ibsa-pharma.fr\/ibsafertility\/?s={search_term_string}"},"query-input":{"@type":"PropertyValueSpecification","valueRequired":true,"valueName":"search_term_string"}}],"inLanguage":"fr-FR"},{"@type":"Organization","@id":"https:\/\/connect.ibsa-pharma.fr\/ibsafertility\/#organization","name":"IBSA Fertility Pro","url":"https:\/\/connect.ibsa-pharma.fr\/ibsafertility\/","logo":{"@type":"ImageObject","inLanguage":"fr-FR","@id":"https:\/\/connect.ibsa-pharma.fr\/ibsafertility\/#\/schema\/logo\/image\/","url":"\/wp-content\/uploads\/sites\/18\/2023\/06\/BROCHURE_CR_IBSA_TODAY-SESSION_1-1.jpg","contentUrl":"\/wp-content\/uploads\/sites\/18\/2023\/06\/BROCHURE_CR_IBSA_TODAY-SESSION_1-1.jpg","width":794,"height":1123,"caption":"IBSA Fertility Pro"},"image":{"@id":"https:\/\/connect.ibsa-pharma.fr\/ibsafertility\/#\/schema\/logo\/image\/"}}]}},"_links":{"self":[{"href":"https:\/\/connect.ibsa-pharma.fr\/ibsafertility\/wp-json\/wp\/v2\/pages\/6700","targetHints":{"allow":["GET"]}}],"collection":[{"href":"https:\/\/connect.ibsa-pharma.fr\/ibsafertility\/wp-json\/wp\/v2\/pages"}],"about":[{"href":"https:\/\/connect.ibsa-pharma.fr\/ibsafertility\/wp-json\/wp\/v2\/types\/page"}],"author":[{"embeddable":true,"href":"https:\/\/connect.ibsa-pharma.fr\/ibsafertility\/wp-json\/wp\/v2\/users\/7114"}],"replies":[{"embeddable":true,"href":"https:\/\/connect.ibsa-pharma.fr\/ibsafertility\/wp-json\/wp\/v2\/comments?post=6700"}],"version-history":[{"count":7,"href":"https:\/\/connect.ibsa-pharma.fr\/ibsafertility\/wp-json\/wp\/v2\/pages\/6700\/revisions"}],"predecessor-version":[{"id":6713,"href":"https:\/\/connect.ibsa-pharma.fr\/ibsafertility\/wp-json\/wp\/v2\/pages\/6700\/revisions\/6713"}],"wp:attachment":[{"href":"https:\/\/connect.ibsa-pharma.fr\/ibsafertility\/wp-json\/wp\/v2\/media?parent=6700"}],"curies":[{"name":"wp","href":"https:\/\/api.w.org\/{rel}","templated":true}]}}