
{"id":5363,"date":"2025-07-09T10:56:44","date_gmt":"2025-07-09T08:56:44","guid":{"rendered":"https:\/\/connect.ibsa-pharma.fr\/traumatosport\/?page_id=5363"},"modified":"2025-07-09T10:56:44","modified_gmt":"2025-07-09T08:56:44","slug":"welcome","status":"publish","type":"page","link":"https:\/\/connect.ibsa-pharma.fr\/traumatosport\/welcome\/","title":{"rendered":"Welcome Traumatosport"},"content":{"rendered":"\t\t<div data-elementor-type=\"wp-page\" data-elementor-id=\"5363\" class=\"elementor elementor-5363\" data-elementor-post-type=\"page\">\n\t\t\t\t\t\t<section class=\"elementor-section elementor-top-section elementor-element elementor-element-f5f8b5d elementor-section-height-min-height elementor-section-full_width elementor-section-items-stretch elementor-section-height-default\" data-id=\"f5f8b5d\" data-element_type=\"section\" data-e-type=\"section\" data-settings=\"{&quot;background_background&quot;:&quot;classic&quot;}\">\n\t\t\t\t\t\t<div class=\"elementor-container elementor-column-gap-default\">\n\t\t\t\t\t<div class=\"elementor-column elementor-col-50 elementor-top-column elementor-element elementor-element-8989af4\" data-id=\"8989af4\" data-element_type=\"column\" data-e-type=\"column\" data-settings=\"{&quot;background_background&quot;:&quot;classic&quot;}\">\n\t\t\t<div class=\"elementor-widget-wrap elementor-element-populated\">\n\t\t\t\t\t\t<div class=\"elementor-element elementor-element-ffed0d0 elementor-widget__width-initial elementor-widget elementor-widget-heading\" data-id=\"ffed0d0\" data-element_type=\"widget\" data-e-type=\"widget\" data-widget_type=\"heading.default\">\n\t\t\t\t<div class=\"elementor-widget-container\">\n\t\t\t\t\t<h1 class=\"elementor-heading-title elementor-size-default\">Bienvenue sur traumatosport.fr,<br \/>\nla plateforme multi-services d\u00e9di\u00e9e aux professionnels de sant\u00e9<\/h1>\t\t\t\t<\/div>\n\t\t\t\t<\/div>\n\t\t\t\t<div class=\"elementor-element elementor-element-cef50b7 elementor-widget elementor-widget-text-editor\" data-id=\"cef50b7\" data-element_type=\"widget\" data-e-type=\"widget\" data-widget_type=\"text-editor.default\">\n\t\t\t\t<div class=\"elementor-widget-container\">\n\t\t\t\t\t\t\t\t\t<p>Acc\u00e9dez \u00e0 l\u2019ensemble de notre documentation et aux multiples services \u00e0 votre disposition pour vous accompagner dans votre pratique quotidienne.<\/p>\t\t\t\t\t\t\t\t<\/div>\n\t\t\t\t<\/div>\n\t\t\t\t<div class=\"elementor-element elementor-element-bbae5ef elementor-align-left elementor-widget elementor-widget-button\" data-id=\"bbae5ef\" data-element_type=\"widget\" data-e-type=\"widget\" data-widget_type=\"button.default\">\n\t\t\t\t<div class=\"elementor-widget-container\">\n\t\t\t\t\t\t\t\t\t<div class=\"elementor-button-wrapper\">\n\t\t\t\t\t<a class=\"elementor-button elementor-button-link elementor-size-sm\" href=\"\/hca\/login\/\">\n\t\t\t\t\t\t<span class=\"elementor-button-content-wrapper\">\n\t\t\t\t\t\t<span class=\"elementor-button-icon\">\n\t\t\t\t<i aria-hidden=\"true\" class=\"fas fa-arrow-right\"><\/i>\t\t\t<\/span>\n\t\t\t\t\t\t\t\t\t<span class=\"elementor-button-text\">Continuer avec OneKey\u2122 Connect<\/span>\n\t\t\t\t\t<\/span>\n\t\t\t\t\t<\/a>\n\t\t\t\t<\/div>\n\t\t\t\t\t\t\t\t<\/div>\n\t\t\t\t<\/div>\n\t\t\t\t<div class=\"elementor-element elementor-element-ff65fc9 elementor-widget elementor-widget-text-editor\" data-id=\"ff65fc9\" data-element_type=\"widget\" data-e-type=\"widget\" data-widget_type=\"text-editor.default\">\n\t\t\t\t<div class=\"elementor-widget-container\">\n\t\t\t\t\t\t\t\t\t<p>Vous n&rsquo;avez pas encore de compte ?<br \/><a href=\"https:\/\/connect.ibsa-pharma.fr\/signup\"><span style=\"text-decoration: underline;\"><strong>Cr\u00e9er un compte<\/strong><\/span><\/a><\/p>\t\t\t\t\t\t\t\t<\/div>\n\t\t\t\t<\/div>\n\t\t\t\t<div class=\"elementor-element elementor-element-05b77c8 elementor-widget elementor-widget-spacer\" data-id=\"05b77c8\" data-element_type=\"widget\" data-e-type=\"widget\" data-widget_type=\"spacer.default\">\n\t\t\t\t<div class=\"elementor-widget-container\">\n\t\t\t\t\t\t\t<div class=\"elementor-spacer\">\n\t\t\t<div class=\"elementor-spacer-inner\"><\/div>\n\t\t<\/div>\n\t\t\t\t\t\t<\/div>\n\t\t\t\t<\/div>\n\t\t\t\t\t<\/div>\n\t\t<\/div>\n\t\t\t\t<div class=\"elementor-column elementor-col-50 elementor-top-column elementor-element elementor-element-4d727f6\" data-id=\"4d727f6\" data-element_type=\"column\" data-e-type=\"column\" data-settings=\"{&quot;background_background&quot;:&quot;classic&quot;}\">\n\t\t\t<div class=\"elementor-widget-wrap elementor-element-populated\">\n\t\t\t\t\t\t<div class=\"elementor-element elementor-element-aa9371c elementor-widget elementor-widget-spacer\" data-id=\"aa9371c\" data-element_type=\"widget\" data-e-type=\"widget\" data-widget_type=\"spacer.default\">\n\t\t\t\t<div class=\"elementor-widget-container\">\n\t\t\t\t\t\t\t<div class=\"elementor-spacer\">\n\t\t\t<div class=\"elementor-spacer-inner\"><\/div>\n\t\t<\/div>\n\t\t\t\t\t\t<\/div>\n\t\t\t\t<\/div>\n\t\t\t\t\t<\/div>\n\t\t<\/div>\n\t\t\t\t\t<\/div>\n\t\t<\/section>\n\t\t\t\t<\/div>\n\t\t","protected":false},"excerpt":{"rendered":"<p>Bienvenue sur traumatosport.fr, la plateforme multi-services d\u00e9di\u00e9e aux professionnels de sant\u00e9 Acc\u00e9dez \u00e0 l\u2019ensemble de notre documentation et aux multiples services \u00e0 votre disposition pour vous accompagner dans votre pratique quotidienne. Continuer avec OneKey\u2122 Connect Vous n&rsquo;avez pas encore de compte ?Cr\u00e9er un compte<\/p>\n","protected":false},"author":7114,"featured_media":0,"parent":0,"menu_order":0,"comment_status":"closed","ping_status":"closed","template":"","meta":{"_acf_changed":false,"_uf_show_specific_survey":0,"_uf_disable_surveys":false,"site-sidebar-layout":"no-sidebar","site-content-layout":"page-builder","ast-site-content-layout":"full-width-container","site-content-style":"unboxed","site-sidebar-style":"unboxed","ast-global-header-display":"","ast-banner-title-visibility":"","ast-main-header-display":"","ast-hfb-above-header-display":"","ast-hfb-below-header-display":"","ast-hfb-mobile-header-display":"","site-post-title":"disabled","ast-breadcrumbs-content":"","ast-featured-img":"disabled","footer-sml-layout":"","ast-disable-related-posts":"","theme-transparent-header-meta":"default","adv-header-id-meta":"","stick-header-meta":"","header-above-stick-meta":"","header-main-stick-meta":"","header-below-stick-meta":"","astra-migrate-meta-layouts":"set","ast-page-background-enabled":"default","ast-page-background-meta":{"desktop":{"background-color":"","background-image":"","background-repeat":"repeat","background-position":"center center","background-size":"auto","background-attachment":"scroll","background-type":"","background-media":"","overlay-type":"","overlay-color":"","overlay-opacity":"","overlay-gradient":""},"tablet":{"background-color":"","background-image":"","background-repeat":"repeat","background-position":"center center","background-size":"auto","background-attachment":"scroll","background-type":"","background-media":"","overlay-type":"","overlay-color":"","overlay-opacity":"","overlay-gradient":""},"mobile":{"background-color":"","background-image":"","background-repeat":"repeat","background-position":"center center","background-size":"auto","background-attachment":"scroll","background-type":"","background-media":"","overlay-type":"","overlay-color":"","overlay-opacity":"","overlay-gradient":""}},"ast-content-background-meta":{"desktop":{"background-color":"var(--ast-global-color-5)","background-image":"","background-repeat":"repeat","background-position":"center center","background-size":"auto","background-attachment":"scroll","background-type":"","background-media":"","overlay-type":"","overlay-color":"","overlay-opacity":"","overlay-gradient":""},"tablet":{"background-color":"var(--ast-global-color-5)","background-image":"","background-repeat":"repeat","background-position":"center center","background-size":"auto","background-attachment":"scroll","background-type":"","background-media":"","overlay-type":"","overlay-color":"","overlay-opacity":"","overlay-gradient":""},"mobile":{"background-color":"var(--ast-global-color-5)","background-image":"","background-repeat":"repeat","background-position":"center center","background-size":"auto","background-attachment":"scroll","background-type":"","background-media":"","overlay-type":"","overlay-color":"","overlay-opacity":"","overlay-gradient":""}},"footnotes":""},"wf_page_folders":[],"class_list":["post-5363","page","type-page","status-publish","hentry"],"acf":[],"yoast_head":"<!-- This site is optimized with the Yoast SEO plugin v27.2 - https:\/\/yoast.com\/product\/yoast-seo-wordpress\/ -->\n<title>Welcome Traumatosport - Traumatosport<\/title>\n<meta name=\"robots\" content=\"index, follow, max-snippet:-1, max-image-preview:large, max-video-preview:-1\" \/>\n<link rel=\"canonical\" href=\"https:\/\/connect.ibsa-pharma.fr\/traumatosport\/welcome\/\" \/>\n<meta property=\"og:locale\" content=\"fr_FR\" \/>\n<meta property=\"og:type\" content=\"article\" \/>\n<meta property=\"og:title\" content=\"Welcome Traumatosport - Traumatosport\" \/>\n<meta property=\"og:description\" content=\"Bienvenue sur traumatosport.fr, la plateforme multi-services d\u00e9di\u00e9e aux professionnels de sant\u00e9 Acc\u00e9dez \u00e0 l\u2019ensemble de notre documentation et aux multiples services \u00e0 votre disposition pour vous accompagner dans votre pratique quotidienne. Continuer avec OneKey\u2122 Connect Vous n&rsquo;avez pas encore de compte ?Cr\u00e9er un compte\" \/>\n<meta property=\"og:url\" content=\"https:\/\/connect.ibsa-pharma.fr\/traumatosport\/welcome\/\" \/>\n<meta property=\"og:site_name\" content=\"Traumatosport\" \/>\n<meta name=\"twitter:card\" content=\"summary_large_image\" \/>\n<meta name=\"twitter:label1\" content=\"Dur\u00e9e de lecture estim\u00e9e\" \/>\n\t<meta name=\"twitter:data1\" content=\"1 minute\" \/>\n<script type=\"application\/ld+json\" class=\"yoast-schema-graph\">{\"@context\":\"https:\/\/schema.org\",\"@graph\":[{\"@type\":\"WebPage\",\"@id\":\"https:\/\/connect.ibsa-pharma.fr\/traumatosport\/welcome\/\",\"url\":\"https:\/\/connect.ibsa-pharma.fr\/traumatosport\/welcome\/\",\"name\":\"Welcome Traumatosport - Traumatosport\",\"isPartOf\":{\"@id\":\"https:\/\/connect.ibsa-pharma.fr\/traumatosport\/#website\"},\"datePublished\":\"2025-07-09T08:56:44+00:00\",\"breadcrumb\":{\"@id\":\"https:\/\/connect.ibsa-pharma.fr\/traumatosport\/welcome\/#breadcrumb\"},\"inLanguage\":\"fr-FR\",\"potentialAction\":[{\"@type\":\"ReadAction\",\"target\":[\"https:\/\/connect.ibsa-pharma.fr\/traumatosport\/welcome\/\"]}]},{\"@type\":\"BreadcrumbList\",\"@id\":\"https:\/\/connect.ibsa-pharma.fr\/traumatosport\/welcome\/#breadcrumb\",\"itemListElement\":[{\"@type\":\"ListItem\",\"position\":1,\"name\":\"Accueil\",\"item\":\"https:\/\/connect.ibsa-pharma.fr\/traumatosport\/\"},{\"@type\":\"ListItem\",\"position\":2,\"name\":\"Welcome Traumatosport\"}]},{\"@type\":\"WebSite\",\"@id\":\"https:\/\/connect.ibsa-pharma.fr\/traumatosport\/#website\",\"url\":\"https:\/\/connect.ibsa-pharma.fr\/traumatosport\/\",\"name\":\"Traumatosport\",\"description\":\"La communaut\u00e9 qui a l&#039;esprit d&#039;\u00e9quipe\",\"publisher\":{\"@id\":\"https:\/\/connect.ibsa-pharma.fr\/traumatosport\/#organization\"},\"potentialAction\":[{\"@type\":\"SearchAction\",\"target\":{\"@type\":\"EntryPoint\",\"urlTemplate\":\"https:\/\/connect.ibsa-pharma.fr\/traumatosport\/?s={search_term_string}\"},\"query-input\":{\"@type\":\"PropertyValueSpecification\",\"valueRequired\":true,\"valueName\":\"search_term_string\"}}],\"inLanguage\":\"fr-FR\"},{\"@type\":\"Organization\",\"@id\":\"https:\/\/connect.ibsa-pharma.fr\/traumatosport\/#organization\",\"name\":\"Traumatosport\",\"url\":\"https:\/\/connect.ibsa-pharma.fr\/traumatosport\/\",\"logo\":{\"@type\":\"ImageObject\",\"inLanguage\":\"fr-FR\",\"@id\":\"https:\/\/connect.ibsa-pharma.fr\/traumatosport\/#\/schema\/logo\/image\/\",\"url\":\"https:\/\/connect.ibsa-pharma.fr\/traumatosport\/wp-content\/uploads\/sites\/4\/2022\/07\/LOGO-TRAUMATOSPORT.png\",\"contentUrl\":\"https:\/\/connect.ibsa-pharma.fr\/traumatosport\/wp-content\/uploads\/sites\/4\/2022\/07\/LOGO-TRAUMATOSPORT.png\",\"width\":331,\"height\":65,\"caption\":\"Traumatosport\"},\"image\":{\"@id\":\"https:\/\/connect.ibsa-pharma.fr\/traumatosport\/#\/schema\/logo\/image\/\"}}]}<\/script>\n<!-- \/ Yoast SEO plugin. -->","yoast_head_json":{"title":"Welcome Traumatosport - Traumatosport","robots":{"index":"index","follow":"follow","max-snippet":"max-snippet:-1","max-image-preview":"max-image-preview:large","max-video-preview":"max-video-preview:-1"},"canonical":"https:\/\/connect.ibsa-pharma.fr\/traumatosport\/welcome\/","og_locale":"fr_FR","og_type":"article","og_title":"Welcome Traumatosport - Traumatosport","og_description":"Bienvenue sur traumatosport.fr, la plateforme multi-services d\u00e9di\u00e9e aux professionnels de sant\u00e9 Acc\u00e9dez \u00e0 l\u2019ensemble de notre documentation et aux multiples services \u00e0 votre disposition pour vous accompagner dans votre pratique quotidienne. Continuer avec OneKey\u2122 Connect Vous n&rsquo;avez pas encore de compte ?Cr\u00e9er un compte","og_url":"https:\/\/connect.ibsa-pharma.fr\/traumatosport\/welcome\/","og_site_name":"Traumatosport","twitter_card":"summary_large_image","twitter_misc":{"Dur\u00e9e de lecture estim\u00e9e":"1 minute"},"schema":{"@context":"https:\/\/schema.org","@graph":[{"@type":"WebPage","@id":"https:\/\/connect.ibsa-pharma.fr\/traumatosport\/welcome\/","url":"https:\/\/connect.ibsa-pharma.fr\/traumatosport\/welcome\/","name":"Welcome Traumatosport - Traumatosport","isPartOf":{"@id":"https:\/\/connect.ibsa-pharma.fr\/traumatosport\/#website"},"datePublished":"2025-07-09T08:56:44+00:00","breadcrumb":{"@id":"https:\/\/connect.ibsa-pharma.fr\/traumatosport\/welcome\/#breadcrumb"},"inLanguage":"fr-FR","potentialAction":[{"@type":"ReadAction","target":["https:\/\/connect.ibsa-pharma.fr\/traumatosport\/welcome\/"]}]},{"@type":"BreadcrumbList","@id":"https:\/\/connect.ibsa-pharma.fr\/traumatosport\/welcome\/#breadcrumb","itemListElement":[{"@type":"ListItem","position":1,"name":"Accueil","item":"https:\/\/connect.ibsa-pharma.fr\/traumatosport\/"},{"@type":"ListItem","position":2,"name":"Welcome Traumatosport"}]},{"@type":"WebSite","@id":"https:\/\/connect.ibsa-pharma.fr\/traumatosport\/#website","url":"https:\/\/connect.ibsa-pharma.fr\/traumatosport\/","name":"Traumatosport","description":"La communaut\u00e9 qui a l&#039;esprit d&#039;\u00e9quipe","publisher":{"@id":"https:\/\/connect.ibsa-pharma.fr\/traumatosport\/#organization"},"potentialAction":[{"@type":"SearchAction","target":{"@type":"EntryPoint","urlTemplate":"https:\/\/connect.ibsa-pharma.fr\/traumatosport\/?s={search_term_string}"},"query-input":{"@type":"PropertyValueSpecification","valueRequired":true,"valueName":"search_term_string"}}],"inLanguage":"fr-FR"},{"@type":"Organization","@id":"https:\/\/connect.ibsa-pharma.fr\/traumatosport\/#organization","name":"Traumatosport","url":"https:\/\/connect.ibsa-pharma.fr\/traumatosport\/","logo":{"@type":"ImageObject","inLanguage":"fr-FR","@id":"https:\/\/connect.ibsa-pharma.fr\/traumatosport\/#\/schema\/logo\/image\/","url":"https:\/\/connect.ibsa-pharma.fr\/traumatosport\/wp-content\/uploads\/sites\/4\/2022\/07\/LOGO-TRAUMATOSPORT.png","contentUrl":"https:\/\/connect.ibsa-pharma.fr\/traumatosport\/wp-content\/uploads\/sites\/4\/2022\/07\/LOGO-TRAUMATOSPORT.png","width":331,"height":65,"caption":"Traumatosport"},"image":{"@id":"https:\/\/connect.ibsa-pharma.fr\/traumatosport\/#\/schema\/logo\/image\/"}}]}},"_links":{"self":[{"href":"https:\/\/connect.ibsa-pharma.fr\/traumatosport\/wp-json\/wp\/v2\/pages\/5363","targetHints":{"allow":["GET"]}}],"collection":[{"href":"https:\/\/connect.ibsa-pharma.fr\/traumatosport\/wp-json\/wp\/v2\/pages"}],"about":[{"href":"https:\/\/connect.ibsa-pharma.fr\/traumatosport\/wp-json\/wp\/v2\/types\/page"}],"author":[{"embeddable":true,"href":"https:\/\/connect.ibsa-pharma.fr\/traumatosport\/wp-json\/wp\/v2\/users\/7114"}],"replies":[{"embeddable":true,"href":"https:\/\/connect.ibsa-pharma.fr\/traumatosport\/wp-json\/wp\/v2\/comments?post=5363"}],"version-history":[{"count":14,"href":"https:\/\/connect.ibsa-pharma.fr\/traumatosport\/wp-json\/wp\/v2\/pages\/5363\/revisions"}],"predecessor-version":[{"id":5385,"href":"https:\/\/connect.ibsa-pharma.fr\/traumatosport\/wp-json\/wp\/v2\/pages\/5363\/revisions\/5385"}],"wp:attachment":[{"href":"https:\/\/connect.ibsa-pharma.fr\/traumatosport\/wp-json\/wp\/v2\/media?parent=5363"}],"wp:term":[{"taxonomy":"wf_page_folders","embeddable":true,"href":"https:\/\/connect.ibsa-pharma.fr\/traumatosport\/wp-json\/wp\/v2\/wf_page_folders?post=5363"}],"curies":[{"name":"wp","href":"https:\/\/api.w.org\/{rel}","templated":true}]}}